{"id":6541,"date":"2022-01-13T10:57:33","date_gmt":"2022-01-13T09:57:33","guid":{"rendered":"https:\/\/mc-genuineparts.de\/?post_type=product&#038;p=6541"},"modified":"2024-02-22T11:59:04","modified_gmt":"2024-02-22T10:59:04","slug":"harley-kennzeichenhalter-seitlich","status":"publish","type":"product","link":"https:\/\/mc-genuineparts.de\/?product=harley-kennzeichenhalter-seitlich","title":{"rendered":"Kennzeichenhalter seitlich inkl. Beleuchtung f\u00fcr Harley"},"content":{"rendered":"<p>Kennzeichenhalter seitlich inkl. Beleuchtung f\u00fcr Harley <\/p>\n<p>Die Halterung des seitlichen Kennzeichenhalter mit GB Nummernschild hat ein Innenma\u00df von ca. 1,2 cm und ein Au\u00dfenma\u00df von 3,1 cm.<br \/>\nDer Halter ist gebraucht und hat Gebrauchsspuren und Form von Kratzern, die hoffentlich auf den Bildern zu erkennen sind.<\/p>\n","protected":false},"excerpt":{"rendered":"<p>Kennzeichenhalter seitlich inkl. Beleuchtung f\u00fcr Harley <\/p>\n","protected":false},"featured_media":2885,"template":"","meta":[],"product_brand":[],"product_cat":[929,910,913,911],"product_tag":[65,123,200,78,155],"class_list":{"0":"post-6541","1":"product","2":"type-product","3":"status-publish","6":"product_cat-beleuchtung","7":"product_cat-h-d-softail","8":"product_cat-softail-twin-cam-2000-2006","9":"product_cat-softail-twin-cam-2007-2017","10":"product_tag-harley","11":"product_tag-heritage","12":"product_tag-seitl-kennzeichen","13":"product_tag-softail","14":"product_tag-us-groesse","16":"first","17":"instock","18":"purchasable","19":"product-type-simple"},"jetpack_sharing_enabled":true,"_links":{"self":[{"href":"https:\/\/mc-genuineparts.de\/index.php?rest_route=\/wp\/v2\/product\/6541","targetHints":{"allow":["GET"]}}],"collection":[{"href":"https:\/\/mc-genuineparts.de\/index.php?rest_route=\/wp\/v2\/product"}],"about":[{"href":"https:\/\/mc-genuineparts.de\/index.php?rest_route=\/wp\/v2\/types\/product"}],"wp:featuredmedia":[{"embeddable":true,"href":"https:\/\/mc-genuineparts.de\/index.php?rest_route=\/wp\/v2\/media\/2885"}],"wp:attachment":[{"href":"https:\/\/mc-genuineparts.de\/index.php?rest_route=%2Fwp%2Fv2%2Fmedia&parent=6541"}],"wp:term":[{"taxonomy":"product_brand","embeddable":true,"href":"https:\/\/mc-genuineparts.de\/index.php?rest_route=%2Fwp%2Fv2%2Fproduct_brand&post=6541"},{"taxonomy":"product_cat","embeddable":true,"href":"https:\/\/mc-genuineparts.de\/index.php?rest_route=%2Fwp%2Fv2%2Fproduct_cat&post=6541"},{"taxonomy":"product_tag","embeddable":true,"href":"https:\/\/mc-genuineparts.de\/index.php?rest_route=%2Fwp%2Fv2%2Fproduct_tag&post=6541"}],"curies":[{"name":"wp","href":"https:\/\/api.w.org\/{rel}","templated":true}]}}