{"id":6549,"date":"2022-01-13T10:57:34","date_gmt":"2022-01-13T09:57:34","guid":{"rendered":"https:\/\/mc-genuineparts.de\/?post_type=product&#038;p=6549"},"modified":"2024-03-01T12:28:07","modified_gmt":"2024-03-01T11:28:07","slug":"harley-softail-zusatzfussrasten-fuer-trittbretter-highwaypegs","status":"publish","type":"product","link":"https:\/\/mc-genuineparts.de\/?product=harley-softail-zusatzfussrasten-fuer-trittbretter-highwaypegs","title":{"rendered":"Zusatzfu\u00dfrasten f\u00fcr Trittbretter-Highwaypegs f\u00fcr Harley Softail"},"content":{"rendered":"<p>Zusatzfu\u00dfrasten f\u00fcr Trittbretter-Highwaypegs f\u00fcr Harley Softail <\/p>\n<p>Diese Harley Zusatzfu\u00dfrasten f\u00fcr Trittbretter-Highwaypegs sind von einer 2007er Fat Boy abgebaut worden. Die Mittelstrebe hat eine L\u00e4nge von ca. 23,5 cm. Jeweils eine Halterung hat eine L\u00e4nge von ca. 30 cm mit zus\u00e4tzlich ca. 11 cm L\u00e4nge von der Fu\u00dfraste.<br \/>\nDie Zusatzfu\u00dfrasten sind gebraucht und haben Gebrauchsspuren in Form von Kratzern und stellenweise rostigen Ablagerungen, wie hoffentlich auf den Bildern gut zu erkennen ist.<\/p>\n","protected":false},"excerpt":{"rendered":"<p>Zusatzfu\u00dfrasten f\u00fcr Trittbretter-Highwaypegs f\u00fcr Harley Softail <\/p>\n","protected":false},"featured_media":61871,"template":"","meta":[],"product_brand":[],"product_cat":[970,910,911],"product_tag":[122,65,218,78,4130],"class_list":{"0":"post-6549","1":"product","2":"type-product","3":"status-publish","6":"product_cat-fussrasten-trittbretter","7":"product_cat-h-d-softail","8":"product_cat-softail-twin-cam-2007-2017","9":"product_tag-fat-boy","10":"product_tag-harley","11":"product_tag-highwaypegs","12":"product_tag-softail","13":"product_tag-zusatzfussrasten","15":"first","16":"instock","17":"purchasable","18":"product-type-simple"},"jetpack_sharing_enabled":true,"_links":{"self":[{"href":"https:\/\/mc-genuineparts.de\/index.php?rest_route=\/wp\/v2\/product\/6549","targetHints":{"allow":["GET"]}}],"collection":[{"href":"https:\/\/mc-genuineparts.de\/index.php?rest_route=\/wp\/v2\/product"}],"about":[{"href":"https:\/\/mc-genuineparts.de\/index.php?rest_route=\/wp\/v2\/types\/product"}],"wp:featuredmedia":[{"embeddable":true,"href":"https:\/\/mc-genuineparts.de\/index.php?rest_route=\/wp\/v2\/media\/61871"}],"wp:attachment":[{"href":"https:\/\/mc-genuineparts.de\/index.php?rest_route=%2Fwp%2Fv2%2Fmedia&parent=6549"}],"wp:term":[{"taxonomy":"product_brand","embeddable":true,"href":"https:\/\/mc-genuineparts.de\/index.php?rest_route=%2Fwp%2Fv2%2Fproduct_brand&post=6549"},{"taxonomy":"product_cat","embeddable":true,"href":"https:\/\/mc-genuineparts.de\/index.php?rest_route=%2Fwp%2Fv2%2Fproduct_cat&post=6549"},{"taxonomy":"product_tag","embeddable":true,"href":"https:\/\/mc-genuineparts.de\/index.php?rest_route=%2Fwp%2Fv2%2Fproduct_tag&post=6549"}],"curies":[{"name":"wp","href":"https:\/\/api.w.org\/{rel}","templated":true}]}}