{"id":6556,"date":"2022-01-13T10:57:35","date_gmt":"2022-01-13T09:57:35","guid":{"rendered":"https:\/\/mc-genuineparts.de\/?post_type=product&#038;p=6556"},"modified":"2025-08-21T09:36:44","modified_gmt":"2025-08-21T07:36:44","slug":"harley-windschild-fuer-1-zoll-lenker-sportster-dyna-glide-softail","status":"publish","type":"product","link":"https:\/\/mc-genuineparts.de\/?product=harley-windschild-fuer-1-zoll-lenker-sportster-dyna-glide-softail","title":{"rendered":"Windschild f\u00fcr 1 Zoll Lenker f\u00fcr Harley ( Sportster, Dyna Glide, Softail )"},"content":{"rendered":"<p>Windschild f\u00fcr 1 Zoll Lenker f\u00fcr Harley ( Sportster, Dyna Glide, Softail )<\/p>\n<p>Das H-D Windschild f\u00fcr 1 Zoll Lenker ist passend an Sportster, Dyna Glide und Softail Modelle ab Bj. 1986 &#8211; 2017.<br \/>\nNicht passend f\u00fcr z.B Touring Modelle.<br \/>\nDie Halterungen sind individuell bis zu einem gewissen Ma\u00df einstellbar.<br \/>\nDas Windschild ist abgebaut von einer Sportster Custom . Der Zustand ist gebraucht mit kleinen Kratzern. Siehe Fotos.<\/p>\n","protected":false},"excerpt":{"rendered":"<p>Windschild f\u00fcr 1 Zoll Lenker f\u00fcr Harley ( Sportster, Dyna Glide, Softail )<\/p>\n","protected":false},"featured_media":3060,"template":"","meta":[],"product_brand":[],"product_cat":[971],"product_tag":[58,122,78,83,191],"class_list":{"0":"post-6556","1":"product","2":"type-product","3":"status-publish","6":"product_cat-windschilder","7":"product_tag-dyna","8":"product_tag-fat-boy","9":"product_tag-softail","10":"product_tag-sportster","11":"product_tag-windschild","13":"first","14":"instock","15":"purchasable","16":"product-type-simple"},"jetpack_sharing_enabled":true,"_links":{"self":[{"href":"https:\/\/mc-genuineparts.de\/index.php?rest_route=\/wp\/v2\/product\/6556","targetHints":{"allow":["GET"]}}],"collection":[{"href":"https:\/\/mc-genuineparts.de\/index.php?rest_route=\/wp\/v2\/product"}],"about":[{"href":"https:\/\/mc-genuineparts.de\/index.php?rest_route=\/wp\/v2\/types\/product"}],"wp:featuredmedia":[{"embeddable":true,"href":"https:\/\/mc-genuineparts.de\/index.php?rest_route=\/wp\/v2\/media\/3060"}],"wp:attachment":[{"href":"https:\/\/mc-genuineparts.de\/index.php?rest_route=%2Fwp%2Fv2%2Fmedia&parent=6556"}],"wp:term":[{"taxonomy":"product_brand","embeddable":true,"href":"https:\/\/mc-genuineparts.de\/index.php?rest_route=%2Fwp%2Fv2%2Fproduct_brand&post=6556"},{"taxonomy":"product_cat","embeddable":true,"href":"https:\/\/mc-genuineparts.de\/index.php?rest_route=%2Fwp%2Fv2%2Fproduct_cat&post=6556"},{"taxonomy":"product_tag","embeddable":true,"href":"https:\/\/mc-genuineparts.de\/index.php?rest_route=%2Fwp%2Fv2%2Fproduct_tag&post=6556"}],"curies":[{"name":"wp","href":"https:\/\/api.w.org\/{rel}","templated":true}]}}