{"id":6559,"date":"2022-01-13T10:57:35","date_gmt":"2022-01-13T09:57:35","guid":{"rendered":"https:\/\/mc-genuineparts.de\/?post_type=product&#038;p=6559"},"modified":"2025-05-14T11:20:04","modified_gmt":"2025-05-14T09:20:04","slug":"blinkerglaeser-rot-fuer-h-d-bullet-blinker","status":"publish","type":"product","link":"https:\/\/mc-genuineparts.de\/?product=blinkerglaeser-rot-fuer-h-d-bullet-blinker","title":{"rendered":"Blinkergl\u00e4ser Rot f\u00fcr H-D Bullet Blinker"},"content":{"rendered":"<p>Blinkergl\u00e4ser Rot f\u00fcr H-D Bullet Blinker<\/p>\n<p>Rote Blinkergl\u00e4ser f\u00fcr H-D Bullet Blinker<br \/>\nGebraucht aber OK<br \/>\nDurchmesser ca. 6 cm<\/p>\n","protected":false},"excerpt":{"rendered":"<p>Blinkergl\u00e4ser Rot f\u00fcr H-D Bullet Blinker<\/p>\n","protected":false},"featured_media":3083,"template":"","meta":[],"product_brand":[],"product_cat":[929],"product_tag":[128,65,66,78,83],"class_list":{"0":"post-6559","1":"product","2":"type-product","3":"status-publish","6":"product_cat-beleuchtung","7":"product_tag-beleuchtung","8":"product_tag-harley","9":"product_tag-original-h-d","10":"product_tag-softail","11":"product_tag-sportster","13":"first","14":"instock","15":"purchasable","16":"product-type-simple"},"jetpack_sharing_enabled":true,"_links":{"self":[{"href":"https:\/\/mc-genuineparts.de\/index.php?rest_route=\/wp\/v2\/product\/6559","targetHints":{"allow":["GET"]}}],"collection":[{"href":"https:\/\/mc-genuineparts.de\/index.php?rest_route=\/wp\/v2\/product"}],"about":[{"href":"https:\/\/mc-genuineparts.de\/index.php?rest_route=\/wp\/v2\/types\/product"}],"wp:featuredmedia":[{"embeddable":true,"href":"https:\/\/mc-genuineparts.de\/index.php?rest_route=\/wp\/v2\/media\/3083"}],"wp:attachment":[{"href":"https:\/\/mc-genuineparts.de\/index.php?rest_route=%2Fwp%2Fv2%2Fmedia&parent=6559"}],"wp:term":[{"taxonomy":"product_brand","embeddable":true,"href":"https:\/\/mc-genuineparts.de\/index.php?rest_route=%2Fwp%2Fv2%2Fproduct_brand&post=6559"},{"taxonomy":"product_cat","embeddable":true,"href":"https:\/\/mc-genuineparts.de\/index.php?rest_route=%2Fwp%2Fv2%2Fproduct_cat&post=6559"},{"taxonomy":"product_tag","embeddable":true,"href":"https:\/\/mc-genuineparts.de\/index.php?rest_route=%2Fwp%2Fv2%2Fproduct_tag&post=6559"}],"curies":[{"name":"wp","href":"https:\/\/api.w.org\/{rel}","templated":true}]}}