{"id":6560,"date":"2022-01-13T10:57:35","date_gmt":"2022-01-13T09:57:35","guid":{"rendered":"https:\/\/mc-genuineparts.de\/?post_type=product&#038;p=6560"},"modified":"2024-02-22T11:46:56","modified_gmt":"2024-02-22T10:46:56","slug":"blinkerglas-rot-flach-45-cm","status":"publish","type":"product","link":"https:\/\/mc-genuineparts.de\/?product=blinkerglas-rot-flach-45-cm","title":{"rendered":"Blinkerglas rot flach 4,5 cm"},"content":{"rendered":"<p>Blinkerglas rot flach 4,5 cm<\/p>\n<p>Blinkergl\u00e4ser f\u00fcr Zubeh\u00f6r Blinker in rot<br \/>\nDurchmesser 4,5 cm<br \/>\nGebraucht aber OK<\/p>\n","protected":false},"excerpt":{"rendered":"<p>Blinkerglas rot flach 4,5 cm<\/p>\n","protected":false},"featured_media":3091,"template":"","meta":[],"product_brand":[],"product_cat":[929,902,910,905],"product_tag":[58,122,65,123,78,83],"class_list":{"0":"post-6560","1":"product","2":"type-product","3":"status-publish","6":"product_cat-beleuchtung","7":"product_cat-h-d-dyna","8":"product_cat-h-d-softail","9":"product_cat-h-d-sportster","10":"product_tag-dyna","11":"product_tag-fat-boy","12":"product_tag-harley","13":"product_tag-heritage","14":"product_tag-softail","15":"product_tag-sportster","17":"first","18":"instock","19":"purchasable","20":"product-type-simple"},"jetpack_sharing_enabled":true,"_links":{"self":[{"href":"https:\/\/mc-genuineparts.de\/index.php?rest_route=\/wp\/v2\/product\/6560","targetHints":{"allow":["GET"]}}],"collection":[{"href":"https:\/\/mc-genuineparts.de\/index.php?rest_route=\/wp\/v2\/product"}],"about":[{"href":"https:\/\/mc-genuineparts.de\/index.php?rest_route=\/wp\/v2\/types\/product"}],"wp:featuredmedia":[{"embeddable":true,"href":"https:\/\/mc-genuineparts.de\/index.php?rest_route=\/wp\/v2\/media\/3091"}],"wp:attachment":[{"href":"https:\/\/mc-genuineparts.de\/index.php?rest_route=%2Fwp%2Fv2%2Fmedia&parent=6560"}],"wp:term":[{"taxonomy":"product_brand","embeddable":true,"href":"https:\/\/mc-genuineparts.de\/index.php?rest_route=%2Fwp%2Fv2%2Fproduct_brand&post=6560"},{"taxonomy":"product_cat","embeddable":true,"href":"https:\/\/mc-genuineparts.de\/index.php?rest_route=%2Fwp%2Fv2%2Fproduct_cat&post=6560"},{"taxonomy":"product_tag","embeddable":true,"href":"https:\/\/mc-genuineparts.de\/index.php?rest_route=%2Fwp%2Fv2%2Fproduct_tag&post=6560"}],"curies":[{"name":"wp","href":"https:\/\/api.w.org\/{rel}","templated":true}]}}