{"id":6572,"date":"2022-01-13T10:57:38","date_gmt":"2022-01-13T09:57:38","guid":{"rendered":"https:\/\/mc-genuineparts.de\/?post_type=product&#038;p=6572"},"modified":"2024-03-01T11:04:06","modified_gmt":"2024-03-01T10:04:06","slug":"harley-spiegel-aus-einem-stueck-gefraest-mit-kugelgelenk","status":"publish","type":"product","link":"https:\/\/mc-genuineparts.de\/?product=harley-spiegel-aus-einem-stueck-gefraest-mit-kugelgelenk","title":{"rendered":"Spiegel aus einem St\u00fcck gefr\u00e4st mit Kugelgelenk f\u00fcr Harley"},"content":{"rendered":"<p>Spiegel aus einem St\u00fcck gefr\u00e4st mit Kugelgelenk f\u00fcr Harley<\/p>\n<p>Diese Harley Spiegel sind gebraucht und haben Gebrauchsspuren. Die Halterungen sind aus einem St\u00fcck gefr\u00e4st und haben leichte Kratzer. Die Spiegelgl\u00e4ser sind noch gut, sie haben keine Kratzer oder Spr\u00fcnge.<br \/>\nan einem Spiegel wurde die Gewindestange durch eine Schraube ersetzt.<br \/>\n( siehe Fotos )<br \/>\nGewindest\u00e4rke ca. 0,8 cm<br \/>\nGewindestange ca. 3,5 cm<\/p>\n","protected":false},"excerpt":{"rendered":"<p>Spiegel aus einem St\u00fcck gefr\u00e4st mit Kugelgelenk f\u00fcr Harley<\/p>\n","protected":false},"featured_media":3193,"template":"","meta":[],"product_brand":[],"product_cat":[902,910,905,899,927],"product_tag":[58,65,78,83,69],"class_list":{"0":"post-6572","1":"product","2":"type-product","3":"status-publish","6":"product_cat-h-d-dyna","7":"product_cat-h-d-softail","8":"product_cat-h-d-sportster","9":"product_cat-h-d-touring","10":"product_cat-lenker-und-zubehoer","11":"product_tag-dyna","12":"product_tag-harley","13":"product_tag-softail","14":"product_tag-sportster","15":"product_tag-touring","17":"first","18":"instock","19":"purchasable","20":"product-type-simple"},"jetpack_sharing_enabled":true,"_links":{"self":[{"href":"https:\/\/mc-genuineparts.de\/index.php?rest_route=\/wp\/v2\/product\/6572","targetHints":{"allow":["GET"]}}],"collection":[{"href":"https:\/\/mc-genuineparts.de\/index.php?rest_route=\/wp\/v2\/product"}],"about":[{"href":"https:\/\/mc-genuineparts.de\/index.php?rest_route=\/wp\/v2\/types\/product"}],"wp:featuredmedia":[{"embeddable":true,"href":"https:\/\/mc-genuineparts.de\/index.php?rest_route=\/wp\/v2\/media\/3193"}],"wp:attachment":[{"href":"https:\/\/mc-genuineparts.de\/index.php?rest_route=%2Fwp%2Fv2%2Fmedia&parent=6572"}],"wp:term":[{"taxonomy":"product_brand","embeddable":true,"href":"https:\/\/mc-genuineparts.de\/index.php?rest_route=%2Fwp%2Fv2%2Fproduct_brand&post=6572"},{"taxonomy":"product_cat","embeddable":true,"href":"https:\/\/mc-genuineparts.de\/index.php?rest_route=%2Fwp%2Fv2%2Fproduct_cat&post=6572"},{"taxonomy":"product_tag","embeddable":true,"href":"https:\/\/mc-genuineparts.de\/index.php?rest_route=%2Fwp%2Fv2%2Fproduct_tag&post=6572"}],"curies":[{"name":"wp","href":"https:\/\/api.w.org\/{rel}","templated":true}]}}