{"id":6573,"date":"2022-01-13T10:57:38","date_gmt":"2022-01-13T09:57:38","guid":{"rendered":"https:\/\/mc-genuineparts.de\/?post_type=product&#038;p=6573"},"modified":"2024-03-01T11:14:46","modified_gmt":"2024-03-01T10:14:46","slug":"harley-spiegelset","status":"publish","type":"product","link":"https:\/\/mc-genuineparts.de\/?product=harley-spiegelset","title":{"rendered":"Spiegelset Softail Dyna Sportster f\u00fcr Harley"},"content":{"rendered":"<p>Spiegelset Softail Dyna Sportster f\u00fcr Harley <\/p>\n<p>Diese Harley Spiegel sind gebraucht und haben Gebrauchsspuren. Die Halterungen, als auch die Spiegelgl\u00e4ser, haben leichte Kratzer, wie hoffentlich auf den Bildern gut zu erkennen ist.<br \/>\nDie Gewinde und Stellschrauben haben stellenweise leichten Flugrost angesetzt.<br \/>\nDie Gewindest\u00e4rke betr\u00e4gt ca. 0,8 cm und die Gewindel\u00e4nge hat ca. 4,2 cm insgesamt.<\/p>\n","protected":false},"excerpt":{"rendered":"<p>Spiegelset Softail Dyna Sportster f\u00fcr Harley <\/p>\n","protected":false},"featured_media":3205,"template":"","meta":[],"product_brand":[],"product_cat":[927],"product_tag":[58,78,214,83,69],"class_list":{"0":"post-6573","1":"product","2":"type-product","3":"status-publish","6":"product_cat-lenker-und-zubehoer","7":"product_tag-dyna","8":"product_tag-softail","9":"product_tag-spiegel","10":"product_tag-sportster","11":"product_tag-touring","13":"first","14":"instock","15":"purchasable","16":"product-type-simple"},"jetpack_sharing_enabled":true,"_links":{"self":[{"href":"https:\/\/mc-genuineparts.de\/index.php?rest_route=\/wp\/v2\/product\/6573","targetHints":{"allow":["GET"]}}],"collection":[{"href":"https:\/\/mc-genuineparts.de\/index.php?rest_route=\/wp\/v2\/product"}],"about":[{"href":"https:\/\/mc-genuineparts.de\/index.php?rest_route=\/wp\/v2\/types\/product"}],"wp:featuredmedia":[{"embeddable":true,"href":"https:\/\/mc-genuineparts.de\/index.php?rest_route=\/wp\/v2\/media\/3205"}],"wp:attachment":[{"href":"https:\/\/mc-genuineparts.de\/index.php?rest_route=%2Fwp%2Fv2%2Fmedia&parent=6573"}],"wp:term":[{"taxonomy":"product_brand","embeddable":true,"href":"https:\/\/mc-genuineparts.de\/index.php?rest_route=%2Fwp%2Fv2%2Fproduct_brand&post=6573"},{"taxonomy":"product_cat","embeddable":true,"href":"https:\/\/mc-genuineparts.de\/index.php?rest_route=%2Fwp%2Fv2%2Fproduct_cat&post=6573"},{"taxonomy":"product_tag","embeddable":true,"href":"https:\/\/mc-genuineparts.de\/index.php?rest_route=%2Fwp%2Fv2%2Fproduct_tag&post=6573"}],"curies":[{"name":"wp","href":"https:\/\/api.w.org\/{rel}","templated":true}]}}