{"id":6581,"date":"2022-01-13T10:57:40","date_gmt":"2022-01-13T09:57:40","guid":{"rendered":"https:\/\/mc-genuineparts.de\/?post_type=product&#038;p=6581"},"modified":"2024-02-29T11:25:25","modified_gmt":"2024-02-29T10:25:25","slug":"harley-windschild-fuer-verkleidung-e-glide-street-glide","status":"publish","type":"product","link":"https:\/\/mc-genuineparts.de\/?product=harley-windschild-fuer-verkleidung-e-glide-street-glide","title":{"rendered":"Harley Windschild Touring f\u00fcr Verkleidung E-Glide, Street Glide 58187-96 (1996-2013)"},"content":{"rendered":"<p>Harley Windschild Touring f\u00fcr Verkleidung E-Glide, Street Glide 58187-96 (1996-2013)<\/p>\n<p>Diese Original Harley Windschild f\u00fcr Verkleidung ist gebraucht und hat Kratzer und Schlieren, wie hoffentlich auf den Bildern zu erkennen ist.<br \/>\nEs ist auch leider eine Ecke abgebrochen.<br \/>\nDie \u00e4u\u00dferen Aussparungen zum befestigen sind ca. 51 cm auseinander, die Mittlere liegt ca. 25,5 cm mittig zu den \u00c4u\u00dferen.<br \/>\nDas Windschild an sich ist ca. 55 cm breit und in der Mitte ca. 35,5 cm hoch.<\/p>\n","protected":false},"excerpt":{"rendered":"<p>Harley Windschild Touring f\u00fcr Verkleidung E-Glide, Street Glide 58187-96 (1996-2013)<\/p>\n","protected":false},"featured_media":3447,"template":"","meta":[],"product_brand":[],"product_cat":[899,915,900,971],"product_tag":[70,66,71,69],"class_list":{"0":"post-6581","1":"product","2":"type-product","3":"status-publish","6":"product_cat-h-d-touring","7":"product_cat-h-d-touring-1996-2007","8":"product_cat-h-d-touring-ab-2009","9":"product_cat-windschilder","10":"product_tag-e-glide","11":"product_tag-original-h-d","12":"product_tag-street-glide","13":"product_tag-touring","15":"first","16":"instock","17":"purchasable","18":"product-type-simple"},"jetpack_sharing_enabled":true,"_links":{"self":[{"href":"https:\/\/mc-genuineparts.de\/index.php?rest_route=\/wp\/v2\/product\/6581","targetHints":{"allow":["GET"]}}],"collection":[{"href":"https:\/\/mc-genuineparts.de\/index.php?rest_route=\/wp\/v2\/product"}],"about":[{"href":"https:\/\/mc-genuineparts.de\/index.php?rest_route=\/wp\/v2\/types\/product"}],"wp:featuredmedia":[{"embeddable":true,"href":"https:\/\/mc-genuineparts.de\/index.php?rest_route=\/wp\/v2\/media\/3447"}],"wp:attachment":[{"href":"https:\/\/mc-genuineparts.de\/index.php?rest_route=%2Fwp%2Fv2%2Fmedia&parent=6581"}],"wp:term":[{"taxonomy":"product_brand","embeddable":true,"href":"https:\/\/mc-genuineparts.de\/index.php?rest_route=%2Fwp%2Fv2%2Fproduct_brand&post=6581"},{"taxonomy":"product_cat","embeddable":true,"href":"https:\/\/mc-genuineparts.de\/index.php?rest_route=%2Fwp%2Fv2%2Fproduct_cat&post=6581"},{"taxonomy":"product_tag","embeddable":true,"href":"https:\/\/mc-genuineparts.de\/index.php?rest_route=%2Fwp%2Fv2%2Fproduct_tag&post=6581"}],"curies":[{"name":"wp","href":"https:\/\/api.w.org\/{rel}","templated":true}]}}