{"id":6582,"date":"2022-01-13T10:57:41","date_gmt":"2022-01-13T09:57:41","guid":{"rendered":"https:\/\/mc-genuineparts.de\/?post_type=product&#038;p=6582"},"modified":"2025-02-03T12:53:44","modified_gmt":"2025-02-03T11:53:44","slug":"harley-rinehart-racing-auspuff","status":"publish","type":"product","link":"https:\/\/mc-genuineparts.de\/?product=harley-rinehart-racing-auspuff","title":{"rendered":"Rinehart Racing Auspuff f\u00fcr Harley Softail 1986-2017"},"content":{"rendered":"<p>Rinehart Racing Auspuff f\u00fcr Harley Softail 1986-2017<\/p>\n<p>Dieser Rinehart Racing Auspuff ist gebraucht und wurde von einer 2008er Softail abgebaut.<br \/>\nDer Auspuff passt an alle Softail Modelle ab Bj. 1986 &#8211; 2017.<br \/>\nEr hat Kratzer und leider eine sichtbare Beule, siehe Fotos.<br \/>\nModelle ohne Lambdasonden ben\u00f6tigen Plugs f\u00fcr die \u00d6ffnungen<\/p>\n","protected":false},"excerpt":{"rendered":"<p>Rinehart Racing Auspuff f\u00fcr Harley Softail 1986-2017<\/p>\n","protected":false},"featured_media":3452,"template":"","meta":[],"product_brand":[],"product_cat":[986,945,913,911],"product_tag":[119,122,65,123,229,78],"class_list":{"0":"post-6582","1":"product","2":"type-product","3":"status-publish","6":"product_cat-auspuff-softail-evo-1986-1999","7":"product_cat-softail-evo-1986-1999","8":"product_cat-softail-twin-cam-2000-2006","9":"product_cat-softail-twin-cam-2007-2017","10":"product_tag-auspuff","11":"product_tag-fat-boy","12":"product_tag-harley","13":"product_tag-heritage","14":"product_tag-rinehart","15":"product_tag-softail","17":"first","18":"outofstock","19":"purchasable","20":"product-type-simple"},"jetpack_sharing_enabled":true,"_links":{"self":[{"href":"https:\/\/mc-genuineparts.de\/index.php?rest_route=\/wp\/v2\/product\/6582","targetHints":{"allow":["GET"]}}],"collection":[{"href":"https:\/\/mc-genuineparts.de\/index.php?rest_route=\/wp\/v2\/product"}],"about":[{"href":"https:\/\/mc-genuineparts.de\/index.php?rest_route=\/wp\/v2\/types\/product"}],"wp:featuredmedia":[{"embeddable":true,"href":"https:\/\/mc-genuineparts.de\/index.php?rest_route=\/wp\/v2\/media\/3452"}],"wp:attachment":[{"href":"https:\/\/mc-genuineparts.de\/index.php?rest_route=%2Fwp%2Fv2%2Fmedia&parent=6582"}],"wp:term":[{"taxonomy":"product_brand","embeddable":true,"href":"https:\/\/mc-genuineparts.de\/index.php?rest_route=%2Fwp%2Fv2%2Fproduct_brand&post=6582"},{"taxonomy":"product_cat","embeddable":true,"href":"https:\/\/mc-genuineparts.de\/index.php?rest_route=%2Fwp%2Fv2%2Fproduct_cat&post=6582"},{"taxonomy":"product_tag","embeddable":true,"href":"https:\/\/mc-genuineparts.de\/index.php?rest_route=%2Fwp%2Fv2%2Fproduct_tag&post=6582"}],"curies":[{"name":"wp","href":"https:\/\/api.w.org\/{rel}","templated":true}]}}