{"id":6583,"date":"2022-01-13T10:57:41","date_gmt":"2022-01-13T09:57:41","guid":{"rendered":"https:\/\/mc-genuineparts.de\/?post_type=product&#038;p=6583"},"modified":"2024-02-06T11:07:13","modified_gmt":"2024-02-06T10:07:13","slug":"harley-softail-python-auspuff","status":"publish","type":"product","link":"https:\/\/mc-genuineparts.de\/?product=harley-softail-python-auspuff","title":{"rendered":"Python Auspuff f\u00fcr Harley Softail"},"content":{"rendered":"<p>Harley Auspuff Softail Python<\/p>\n<p>Dieser Python Auspuff wurde von einer 2009er Softail Fat Boy abgebaut und hat leider tiefe Schrammen. Siehe Fotos.<br \/>\nDer Auspuff passt an alle Softail Modelle ab Bj. 1986 &#8211; 2017.<br \/>\nModelle ohne Lambdasonden ben\u00f6tigen Plugs f\u00fcr die \u00d6ffnungen<\/p>\n","protected":false},"excerpt":{"rendered":"<p>Harley Auspuff Softail Python<\/p>\n","protected":false},"featured_media":3471,"template":"","meta":[],"product_brand":[],"product_cat":[986,945,913,911],"product_tag":[119,122,65,230,78],"class_list":{"0":"post-6583","1":"product","2":"type-product","3":"status-publish","6":"product_cat-auspuff-softail-evo-1986-1999","7":"product_cat-softail-evo-1986-1999","8":"product_cat-softail-twin-cam-2000-2006","9":"product_cat-softail-twin-cam-2007-2017","10":"product_tag-auspuff","11":"product_tag-fat-boy","12":"product_tag-harley","13":"product_tag-python","14":"product_tag-softail","16":"first","17":"instock","18":"purchasable","19":"product-type-simple"},"jetpack_sharing_enabled":true,"_links":{"self":[{"href":"https:\/\/mc-genuineparts.de\/index.php?rest_route=\/wp\/v2\/product\/6583","targetHints":{"allow":["GET"]}}],"collection":[{"href":"https:\/\/mc-genuineparts.de\/index.php?rest_route=\/wp\/v2\/product"}],"about":[{"href":"https:\/\/mc-genuineparts.de\/index.php?rest_route=\/wp\/v2\/types\/product"}],"wp:featuredmedia":[{"embeddable":true,"href":"https:\/\/mc-genuineparts.de\/index.php?rest_route=\/wp\/v2\/media\/3471"}],"wp:attachment":[{"href":"https:\/\/mc-genuineparts.de\/index.php?rest_route=%2Fwp%2Fv2%2Fmedia&parent=6583"}],"wp:term":[{"taxonomy":"product_brand","embeddable":true,"href":"https:\/\/mc-genuineparts.de\/index.php?rest_route=%2Fwp%2Fv2%2Fproduct_brand&post=6583"},{"taxonomy":"product_cat","embeddable":true,"href":"https:\/\/mc-genuineparts.de\/index.php?rest_route=%2Fwp%2Fv2%2Fproduct_cat&post=6583"},{"taxonomy":"product_tag","embeddable":true,"href":"https:\/\/mc-genuineparts.de\/index.php?rest_route=%2Fwp%2Fv2%2Fproduct_tag&post=6583"}],"curies":[{"name":"wp","href":"https:\/\/api.w.org\/{rel}","templated":true}]}}