{"id":6585,"date":"2022-01-13T10:57:41","date_gmt":"2022-01-13T09:57:41","guid":{"rendered":"https:\/\/mc-genuineparts.de\/?post_type=product&#038;p=6585"},"modified":"2024-03-04T11:11:31","modified_gmt":"2024-03-04T10:11:31","slug":"harley-original-h-d-leder-werkzeugrolle","status":"publish","type":"product","link":"https:\/\/mc-genuineparts.de\/?product=harley-original-h-d-leder-werkzeugrolle","title":{"rendered":"Harley Werkzeugrolle Leder OEM 91743-87T"},"content":{"rendered":"<p>Harley Werkzeugrolle Leder OEM 91743-87T<\/p>\n<p>Diese Original H-D Leder-Werkzeugrolle ist gebraucht und hat leider an einer Stelle die Naht kaputt. Die Schnallen und Nieten sind rostig angelaufen. Hoffe, dass alles auf den Bildern gut zu erkennen ist. Das Leder der Rolle ist verh\u00e4ltnism\u00e4\u00dfig weich.<br \/>\nDie Ma\u00dfe sind:<br \/>\nL\u00e4nge ca. 27 cm, H\u00f6he ca. 12 cm. Breite ca. 10 cm<\/p>\n","protected":false},"excerpt":{"rendered":"<p>Harley Werkzeugrolle Leder OEM 91743-87T<\/p>\n","protected":false},"featured_media":3490,"template":"","meta":[],"product_brand":[],"product_cat":[958,902,910,905,899],"product_tag":[58,65,66,78,83,231,232],"class_list":{"0":"post-6585","1":"product","2":"type-product","3":"status-publish","6":"product_cat-gepaeck-und-werkzeugrolle","7":"product_cat-h-d-dyna","8":"product_cat-h-d-softail","9":"product_cat-h-d-sportster","10":"product_cat-h-d-touring","11":"product_tag-dyna","12":"product_tag-harley","13":"product_tag-original-h-d","14":"product_tag-softail","15":"product_tag-sportster","16":"product_tag-werkzeugrolle","17":"product_tag-werkzeugtasche","19":"first","20":"instock","21":"purchasable","22":"product-type-simple"},"jetpack_sharing_enabled":true,"_links":{"self":[{"href":"https:\/\/mc-genuineparts.de\/index.php?rest_route=\/wp\/v2\/product\/6585","targetHints":{"allow":["GET"]}}],"collection":[{"href":"https:\/\/mc-genuineparts.de\/index.php?rest_route=\/wp\/v2\/product"}],"about":[{"href":"https:\/\/mc-genuineparts.de\/index.php?rest_route=\/wp\/v2\/types\/product"}],"wp:featuredmedia":[{"embeddable":true,"href":"https:\/\/mc-genuineparts.de\/index.php?rest_route=\/wp\/v2\/media\/3490"}],"wp:attachment":[{"href":"https:\/\/mc-genuineparts.de\/index.php?rest_route=%2Fwp%2Fv2%2Fmedia&parent=6585"}],"wp:term":[{"taxonomy":"product_brand","embeddable":true,"href":"https:\/\/mc-genuineparts.de\/index.php?rest_route=%2Fwp%2Fv2%2Fproduct_brand&post=6585"},{"taxonomy":"product_cat","embeddable":true,"href":"https:\/\/mc-genuineparts.de\/index.php?rest_route=%2Fwp%2Fv2%2Fproduct_cat&post=6585"},{"taxonomy":"product_tag","embeddable":true,"href":"https:\/\/mc-genuineparts.de\/index.php?rest_route=%2Fwp%2Fv2%2Fproduct_tag&post=6585"}],"curies":[{"name":"wp","href":"https:\/\/api.w.org\/{rel}","templated":true}]}}