{"id":6591,"date":"2022-01-13T10:57:42","date_gmt":"2022-01-13T09:57:42","guid":{"rendered":"https:\/\/mc-genuineparts.de\/?post_type=product&#038;p=6591"},"modified":"2024-03-04T10:58:16","modified_gmt":"2024-03-04T09:58:16","slug":"satteltaschen-softail-ueberwurf-mit-halter-und-schnellverschlussaufnahme","status":"publish","type":"product","link":"https:\/\/mc-genuineparts.de\/?product=satteltaschen-softail-ueberwurf-mit-halter-und-schnellverschlussaufnahme","title":{"rendered":"Satteltaschen\/\u00dcberwurftaschen mit Halter und Schnellverschlu\u00dfaufnahme f\u00fcr Harley Softail"},"content":{"rendered":"<p>Satteltaschen\/\u00dcberwurftaschen mit Halter und Schnellverschlu\u00dfaufnahme f\u00fcr Harley Softail <\/p>\n<p>Zubeh\u00f6r Satteltaschen mit Halterung und Schnellverschlu\u00df Aufnahme<br \/>\nAuch als \u00dcberwurf-Taschen verwendbar.<br \/>\nPassend an Softail ab 1984 (ausser FLS, FXCW, FXCWC, FXS, FXSB, FXSBSE, FXSTD und FLSTNSE Modelle) &#8211; ohne Garantie evtl. muss die Halterung modifiziert werden<br \/>\nDie Koffer sind gebraucht mit einigen Gebrauchspuren (siehe Fotos)<br \/>\nLochabstand: 23,5 cm<\/p>\n","protected":false},"excerpt":{"rendered":"<p>Satteltaschen\/\u00dcberwurftaschen mit Halter und Schnellverschlu\u00dfaufnahme f\u00fcr Harley Softail <\/p>\n","protected":false},"featured_media":3547,"template":"","meta":[],"product_brand":[],"product_cat":[958,910,945,913,911],"product_tag":[65,235,236,78,237],"class_list":{"0":"post-6591","1":"product","2":"type-product","3":"status-publish","6":"product_cat-gepaeck-und-werkzeugrolle","7":"product_cat-h-d-softail","8":"product_cat-softail-evo-1986-1999","9":"product_cat-softail-twin-cam-2000-2006","10":"product_cat-softail-twin-cam-2007-2017","11":"product_tag-harley","12":"product_tag-packtaschen","13":"product_tag-satteltaschen","14":"product_tag-softail","15":"product_tag-ueberwurf-satteltasche","17":"first","18":"instock","19":"purchasable","20":"product-type-simple"},"jetpack_sharing_enabled":true,"_links":{"self":[{"href":"https:\/\/mc-genuineparts.de\/index.php?rest_route=\/wp\/v2\/product\/6591","targetHints":{"allow":["GET"]}}],"collection":[{"href":"https:\/\/mc-genuineparts.de\/index.php?rest_route=\/wp\/v2\/product"}],"about":[{"href":"https:\/\/mc-genuineparts.de\/index.php?rest_route=\/wp\/v2\/types\/product"}],"wp:featuredmedia":[{"embeddable":true,"href":"https:\/\/mc-genuineparts.de\/index.php?rest_route=\/wp\/v2\/media\/3547"}],"wp:attachment":[{"href":"https:\/\/mc-genuineparts.de\/index.php?rest_route=%2Fwp%2Fv2%2Fmedia&parent=6591"}],"wp:term":[{"taxonomy":"product_brand","embeddable":true,"href":"https:\/\/mc-genuineparts.de\/index.php?rest_route=%2Fwp%2Fv2%2Fproduct_brand&post=6591"},{"taxonomy":"product_cat","embeddable":true,"href":"https:\/\/mc-genuineparts.de\/index.php?rest_route=%2Fwp%2Fv2%2Fproduct_cat&post=6591"},{"taxonomy":"product_tag","embeddable":true,"href":"https:\/\/mc-genuineparts.de\/index.php?rest_route=%2Fwp%2Fv2%2Fproduct_tag&post=6591"}],"curies":[{"name":"wp","href":"https:\/\/api.w.org\/{rel}","templated":true}]}}