{"id":6593,"date":"2022-01-13T10:57:44","date_gmt":"2022-01-13T09:57:44","guid":{"rendered":"https:\/\/mc-genuineparts.de\/?post_type=product&#038;p=6593"},"modified":"2024-02-29T11:30:23","modified_gmt":"2024-02-29T10:30:23","slug":"harley-windschild-organizer-von-t-bags-fuer-touringmodelle","status":"publish","type":"product","link":"https:\/\/mc-genuineparts.de\/?product=harley-windschild-organizer-von-t-bags-fuer-touringmodelle","title":{"rendered":"Windschild-Organizer von T-Bags f\u00fcr Harley Touringmodelle"},"content":{"rendered":"<p>Windschild-Organizer von T-Bags f\u00fcr Harley Touringmodelle <\/p>\n<p>Der Windschild-Organizer von T-Bags ist aus stabilen Kunstleder. Die Taschen sind nicht wasserdicht. Handys oder \u00e4hnliches sollten bei Regen nochmal extra gesichert werden.<br \/>\nDer Organizer ist passend an E-Glide oder Street Glide Modelle und hat Gebrauchsspuren in Form von Kratzern, die hoffentlich auf den Bildern gut zu erkennen sind.<br \/>\nDie N\u00e4hte und Klettverschl\u00fcsse sind noch einwandfrei.<br \/>\nDer Organizer ist ca. 57cm lang. Die mittlere Tasche ist ca. 9 cm breit, 18,5 cm lang und ca. 5,5 cm tief. Mit Lasche ca. 6,5 cm. Die beiden \u00e4u\u00dferen Taschen sind ca. 16,5 cm lang, ca. 7 cm breit und verj\u00fcngen sich nach au\u00dfen. Die Tiefe betr\u00e4gt ca. 4 cm.<br \/>\nDie Aussparungen zum befestigen sind in der L\u00e4nge ca. 50 cm auseinander.<br \/>\nDie mittlere Aussparung ist ca. 25 cm mittig zu den \u00e4u\u00dferen.<\/p>\n","protected":false},"excerpt":{"rendered":"<p>Windschild-Organizer von T-Bags f\u00fcr Harley Touringmodelle <\/p>\n","protected":false},"featured_media":3572,"template":"","meta":[],"product_brand":[],"product_cat":[958,899,915,900,971],"product_tag":[70,65,71,69],"class_list":{"0":"post-6593","1":"product","2":"type-product","3":"status-publish","6":"product_cat-gepaeck-und-werkzeugrolle","7":"product_cat-h-d-touring","8":"product_cat-h-d-touring-1996-2007","9":"product_cat-h-d-touring-ab-2009","10":"product_cat-windschilder","11":"product_tag-e-glide","12":"product_tag-harley","13":"product_tag-street-glide","14":"product_tag-touring","16":"first","17":"instock","18":"purchasable","19":"product-type-simple"},"jetpack_sharing_enabled":true,"_links":{"self":[{"href":"https:\/\/mc-genuineparts.de\/index.php?rest_route=\/wp\/v2\/product\/6593","targetHints":{"allow":["GET"]}}],"collection":[{"href":"https:\/\/mc-genuineparts.de\/index.php?rest_route=\/wp\/v2\/product"}],"about":[{"href":"https:\/\/mc-genuineparts.de\/index.php?rest_route=\/wp\/v2\/types\/product"}],"wp:featuredmedia":[{"embeddable":true,"href":"https:\/\/mc-genuineparts.de\/index.php?rest_route=\/wp\/v2\/media\/3572"}],"wp:attachment":[{"href":"https:\/\/mc-genuineparts.de\/index.php?rest_route=%2Fwp%2Fv2%2Fmedia&parent=6593"}],"wp:term":[{"taxonomy":"product_brand","embeddable":true,"href":"https:\/\/mc-genuineparts.de\/index.php?rest_route=%2Fwp%2Fv2%2Fproduct_brand&post=6593"},{"taxonomy":"product_cat","embeddable":true,"href":"https:\/\/mc-genuineparts.de\/index.php?rest_route=%2Fwp%2Fv2%2Fproduct_cat&post=6593"},{"taxonomy":"product_tag","embeddable":true,"href":"https:\/\/mc-genuineparts.de\/index.php?rest_route=%2Fwp%2Fv2%2Fproduct_tag&post=6593"}],"curies":[{"name":"wp","href":"https:\/\/api.w.org\/{rel}","templated":true}]}}