{"id":6594,"date":"2022-01-13T10:57:45","date_gmt":"2022-01-13T09:57:45","guid":{"rendered":"https:\/\/mc-genuineparts.de\/?post_type=product&#038;p=6594"},"modified":"2024-03-04T11:17:12","modified_gmt":"2024-03-04T10:17:12","slug":"werkzeugrolle-orig-h-d-durchmesser-9cm-laenge-28-cm","status":"publish","type":"product","link":"https:\/\/mc-genuineparts.de\/?product=werkzeugrolle-orig-h-d-durchmesser-9cm-laenge-28-cm","title":{"rendered":"Werkzeugrolle Durchmesser 9cm L\u00e4nge 28 cm f\u00fcr Harley"},"content":{"rendered":"<p>Werkzeugrolle Durchmesser 9cm L\u00e4nge 28 cm f\u00fcr Harley <\/p>\n<p>Orig. H-D Werkzeugrolle<br \/>\nDurchmesser ca. 9 cm L\u00e4nge ca. 28cm<br \/>\ngebraucht aber nicht kaputt<br \/>\nZustand siehe Fotos<\/p>\n","protected":false},"excerpt":{"rendered":"<p>Werkzeugrolle Durchmesser 9cm L\u00e4nge 28 cm f\u00fcr Harley <\/p>\n","protected":false},"featured_media":3574,"template":"","meta":[],"product_brand":[],"product_cat":[958],"product_tag":[58,65,66,83,69,231,232],"class_list":{"0":"post-6594","1":"product","2":"type-product","3":"status-publish","6":"product_cat-gepaeck-und-werkzeugrolle","7":"product_tag-dyna","8":"product_tag-harley","9":"product_tag-original-h-d","10":"product_tag-sportster","11":"product_tag-touring","12":"product_tag-werkzeugrolle","13":"product_tag-werkzeugtasche","15":"first","16":"instock","17":"purchasable","18":"product-type-simple"},"jetpack_sharing_enabled":true,"_links":{"self":[{"href":"https:\/\/mc-genuineparts.de\/index.php?rest_route=\/wp\/v2\/product\/6594","targetHints":{"allow":["GET"]}}],"collection":[{"href":"https:\/\/mc-genuineparts.de\/index.php?rest_route=\/wp\/v2\/product"}],"about":[{"href":"https:\/\/mc-genuineparts.de\/index.php?rest_route=\/wp\/v2\/types\/product"}],"wp:featuredmedia":[{"embeddable":true,"href":"https:\/\/mc-genuineparts.de\/index.php?rest_route=\/wp\/v2\/media\/3574"}],"wp:attachment":[{"href":"https:\/\/mc-genuineparts.de\/index.php?rest_route=%2Fwp%2Fv2%2Fmedia&parent=6594"}],"wp:term":[{"taxonomy":"product_brand","embeddable":true,"href":"https:\/\/mc-genuineparts.de\/index.php?rest_route=%2Fwp%2Fv2%2Fproduct_brand&post=6594"},{"taxonomy":"product_cat","embeddable":true,"href":"https:\/\/mc-genuineparts.de\/index.php?rest_route=%2Fwp%2Fv2%2Fproduct_cat&post=6594"},{"taxonomy":"product_tag","embeddable":true,"href":"https:\/\/mc-genuineparts.de\/index.php?rest_route=%2Fwp%2Fv2%2Fproduct_tag&post=6594"}],"curies":[{"name":"wp","href":"https:\/\/api.w.org\/{rel}","templated":true}]}}