{"id":6595,"date":"2022-01-13T10:57:45","date_gmt":"2022-01-13T09:57:45","guid":{"rendered":"https:\/\/mc-genuineparts.de\/?post_type=product&#038;p=6595"},"modified":"2024-03-04T11:34:03","modified_gmt":"2024-03-04T10:34:03","slug":"werkzeugtasche-organizer-auch-fuer-den-guertel","status":"publish","type":"product","link":"https:\/\/mc-genuineparts.de\/?product=werkzeugtasche-organizer-auch-fuer-den-guertel","title":{"rendered":"Werkzeugtasche\/Organizer f\u00fcr Harley (auch f\u00fcr den G\u00fcrtel verwendbar)"},"content":{"rendered":"<p>Werkzeugtasche\/Organizer f\u00fcr Harley (auch f\u00fcr den G\u00fcrtel verwendbar)<\/p>\n<p>Gebrauchter Organizer zur Befestigung am G\u00fcrtel oder am Motorrad<br \/>\nGesamtma\u00dfe: ca. 19 cm x 9 cm x 4 cm<br \/>\n2 F\u00e4cher jeweils: 9 cm x 9 cm x 4 cm<\/p>\n","protected":false},"excerpt":{"rendered":"<p>Werkzeugtasche\/Organizer f\u00fcr Harley (auch f\u00fcr den G\u00fcrtel verwendbar)<\/p>\n","protected":false},"featured_media":3578,"template":"","meta":[],"product_brand":[],"product_cat":[958],"product_tag":[58,156,65,240,78,83,69,231,232],"class_list":{"0":"post-6595","1":"product","2":"type-product","3":"status-publish","6":"product_cat-gepaeck-und-werkzeugrolle","7":"product_tag-dyna","8":"product_tag-evo","9":"product_tag-harley","10":"product_tag-organizer","11":"product_tag-softail","12":"product_tag-sportster","13":"product_tag-touring","14":"product_tag-werkzeugrolle","15":"product_tag-werkzeugtasche","17":"first","18":"instock","19":"purchasable","20":"product-type-simple"},"jetpack_sharing_enabled":true,"_links":{"self":[{"href":"https:\/\/mc-genuineparts.de\/index.php?rest_route=\/wp\/v2\/product\/6595","targetHints":{"allow":["GET"]}}],"collection":[{"href":"https:\/\/mc-genuineparts.de\/index.php?rest_route=\/wp\/v2\/product"}],"about":[{"href":"https:\/\/mc-genuineparts.de\/index.php?rest_route=\/wp\/v2\/types\/product"}],"wp:featuredmedia":[{"embeddable":true,"href":"https:\/\/mc-genuineparts.de\/index.php?rest_route=\/wp\/v2\/media\/3578"}],"wp:attachment":[{"href":"https:\/\/mc-genuineparts.de\/index.php?rest_route=%2Fwp%2Fv2%2Fmedia&parent=6595"}],"wp:term":[{"taxonomy":"product_brand","embeddable":true,"href":"https:\/\/mc-genuineparts.de\/index.php?rest_route=%2Fwp%2Fv2%2Fproduct_brand&post=6595"},{"taxonomy":"product_cat","embeddable":true,"href":"https:\/\/mc-genuineparts.de\/index.php?rest_route=%2Fwp%2Fv2%2Fproduct_cat&post=6595"},{"taxonomy":"product_tag","embeddable":true,"href":"https:\/\/mc-genuineparts.de\/index.php?rest_route=%2Fwp%2Fv2%2Fproduct_tag&post=6595"}],"curies":[{"name":"wp","href":"https:\/\/api.w.org\/{rel}","templated":true}]}}