{"id":6609,"date":"2022-01-13T10:57:47","date_gmt":"2022-01-13T09:57:47","guid":{"rendered":"https:\/\/mc-genuineparts.de\/?post_type=product&#038;p=6609"},"modified":"2024-02-20T09:42:50","modified_gmt":"2024-02-20T08:42:50","slug":"harley-fld-dyna-switchback-vance-hines-endtoepfe-inkl-kruemmer-vorne","status":"publish","type":"product","link":"https:\/\/mc-genuineparts.de\/?product=harley-fld-dyna-switchback-vance-hines-endtoepfe-inkl-kruemmer-vorne","title":{"rendered":"Vance &#038; Hines Endt\u00f6pfe inkl. Kr\u00fcmmer vorne f\u00fcr Harley FLD Dyna Switchback"},"content":{"rendered":"<p>Vance &#038; Hines Endt\u00f6pfe inkl. Kr\u00fcmmer vorne f\u00fcr Harley FLD Dyna Switchback <\/p>\n<p>Diese Vance &#038; Hines Endt\u00f6pfe inklusive Kr\u00fcmmer vorne und linker Kofferhalterung wurden von einer FLD Dyna Switchback Baujahr 2012 abgebaut<br \/>\nund passen an FLD Modelle von Bj. 2012-2016.<br \/>\nDas Set ist gebraucht und hat Gebrauchsspuren in Form von Schrammen an den Endt\u00f6pfen (ca. eine Beule ist vorhanden) und an der Halterung platzt die Verchromung ab. Hoffe, dass alles gut auf den Bildern zu erkennen ist.<\/p>\n<p>Der hintere Kr\u00fcmmer fehlt<\/p>\n","protected":false},"excerpt":{"rendered":"<p>Vance &#038; Hines Endt\u00f6pfe inkl. Kr\u00fcmmer vorne f\u00fcr Harley FLD Dyna Switchback <\/p>\n","protected":false},"featured_media":3688,"template":"","meta":[],"product_brand":[],"product_cat":[923,903],"product_tag":[119,58,65,61,249],"class_list":{"0":"post-6609","1":"product","2":"type-product","3":"status-publish","6":"product_cat-auspuff-dyna-2006-2017","7":"product_cat-dyna-2006-2017","8":"product_tag-auspuff","9":"product_tag-dyna","10":"product_tag-harley","11":"product_tag-switchback","12":"product_tag-vance-hines","14":"first","15":"instock","16":"purchasable","17":"product-type-simple"},"jetpack_sharing_enabled":true,"_links":{"self":[{"href":"https:\/\/mc-genuineparts.de\/index.php?rest_route=\/wp\/v2\/product\/6609","targetHints":{"allow":["GET"]}}],"collection":[{"href":"https:\/\/mc-genuineparts.de\/index.php?rest_route=\/wp\/v2\/product"}],"about":[{"href":"https:\/\/mc-genuineparts.de\/index.php?rest_route=\/wp\/v2\/types\/product"}],"wp:featuredmedia":[{"embeddable":true,"href":"https:\/\/mc-genuineparts.de\/index.php?rest_route=\/wp\/v2\/media\/3688"}],"wp:attachment":[{"href":"https:\/\/mc-genuineparts.de\/index.php?rest_route=%2Fwp%2Fv2%2Fmedia&parent=6609"}],"wp:term":[{"taxonomy":"product_brand","embeddable":true,"href":"https:\/\/mc-genuineparts.de\/index.php?rest_route=%2Fwp%2Fv2%2Fproduct_brand&post=6609"},{"taxonomy":"product_cat","embeddable":true,"href":"https:\/\/mc-genuineparts.de\/index.php?rest_route=%2Fwp%2Fv2%2Fproduct_cat&post=6609"},{"taxonomy":"product_tag","embeddable":true,"href":"https:\/\/mc-genuineparts.de\/index.php?rest_route=%2Fwp%2Fv2%2Fproduct_tag&post=6609"}],"curies":[{"name":"wp","href":"https:\/\/api.w.org\/{rel}","templated":true}]}}