{"id":6643,"date":"2022-01-17T14:20:10","date_gmt":"2022-01-17T13:20:10","guid":{"rendered":"https:\/\/mc-genuineparts.de\/?post_type=product&#038;p=6643"},"modified":"2024-02-07T12:22:57","modified_gmt":"2024-02-07T11:22:57","slug":"harley-touring-fahrer-rueckenlehne-befestigungsplatte-halter-54099-10","status":"publish","type":"product","link":"https:\/\/mc-genuineparts.de\/?product=harley-touring-fahrer-rueckenlehne-befestigungsplatte-halter-54099-10","title":{"rendered":"Harley Touring Befestigungsplatte f\u00fcr Fahrer-R\u00fcckenlehne Halter 54099-10"},"content":{"rendered":"<p>Harley Touring Befestigungsplatte f\u00fcr Fahrer-R\u00fcckenlehne Halter 54099-10<br \/>\nDer Halter ist gebraucht, stammt aus einem Komplett-Kit (54099-10) und wurde von dem Sitz abgebaut.<br \/>\nDie Platte ist nicht einzeln bei H-D erh\u00e4ltlich.<\/p>\n<p>Neupreis des Kit: \u20ac 290,-<\/p>\n","protected":false},"excerpt":{"rendered":"<p>Harley Touring Befestigungsplatte f\u00fcr Fahrer-R\u00fcckenlehne Halter 54099-10<\/p>\n","protected":false},"featured_media":4084,"template":"","meta":[],"product_brand":[],"product_cat":[899,900,984],"product_tag":[65,66,290,104,69],"class_list":{"0":"post-6643","1":"product","2":"type-product","3":"status-publish","6":"product_cat-h-d-touring","7":"product_cat-h-d-touring-ab-2009","8":"product_cat-sitzbank-h-d-touring-ab-2009","9":"product_tag-harley","10":"product_tag-original-h-d","11":"product_tag-rueckenlehne","12":"product_tag-sitzbank","13":"product_tag-touring","15":"first","16":"instock","17":"purchasable","18":"product-type-simple"},"jetpack_sharing_enabled":true,"_links":{"self":[{"href":"https:\/\/mc-genuineparts.de\/index.php?rest_route=\/wp\/v2\/product\/6643","targetHints":{"allow":["GET"]}}],"collection":[{"href":"https:\/\/mc-genuineparts.de\/index.php?rest_route=\/wp\/v2\/product"}],"about":[{"href":"https:\/\/mc-genuineparts.de\/index.php?rest_route=\/wp\/v2\/types\/product"}],"wp:featuredmedia":[{"embeddable":true,"href":"https:\/\/mc-genuineparts.de\/index.php?rest_route=\/wp\/v2\/media\/4084"}],"wp:attachment":[{"href":"https:\/\/mc-genuineparts.de\/index.php?rest_route=%2Fwp%2Fv2%2Fmedia&parent=6643"}],"wp:term":[{"taxonomy":"product_brand","embeddable":true,"href":"https:\/\/mc-genuineparts.de\/index.php?rest_route=%2Fwp%2Fv2%2Fproduct_brand&post=6643"},{"taxonomy":"product_cat","embeddable":true,"href":"https:\/\/mc-genuineparts.de\/index.php?rest_route=%2Fwp%2Fv2%2Fproduct_cat&post=6643"},{"taxonomy":"product_tag","embeddable":true,"href":"https:\/\/mc-genuineparts.de\/index.php?rest_route=%2Fwp%2Fv2%2Fproduct_tag&post=6643"}],"curies":[{"name":"wp","href":"https:\/\/api.w.org\/{rel}","templated":true}]}}