{"id":69679,"date":"2022-05-23T12:58:39","date_gmt":"2022-05-23T10:58:39","guid":{"rendered":"https:\/\/mc-genuineparts.de\/?post_type=product&#038;p=69679"},"modified":"2024-03-04T12:12:12","modified_gmt":"2024-03-04T11:12:12","slug":"harley-helmschloss-fuer-z-b-sturzbuegel-rahmen","status":"publish","type":"product","link":"https:\/\/mc-genuineparts.de\/?product=harley-helmschloss-fuer-z-b-sturzbuegel-rahmen","title":{"rendered":"Helmschlo\u00df f\u00fcr z.B. Sturzb\u00fcgel, Rahmen f\u00fcr Harley"},"content":{"rendered":"<p>Helmschlo\u00df f\u00fcr z.B. Sturzb\u00fcgel, Rahmen f\u00fcr Harley <\/p>\n<p>Dieses Helmschlo\u00df ist individuell einsetzbar am Sturzb\u00fcgel, Rahmen etc..<\/p>\n<p>Das Schlo\u00df ist gebraucht und hat Gebrauchsspuren an den Befestigungsseiten in Form von kleinen Macken.<\/p>\n<p>Es sind f\u00fcr das Schlo\u00df noch 2 Schl\u00fcssel vorhanden.<\/p>\n<p>Zustand siehe Fotos.<\/p>\n<p>&nbsp;<\/p>\n<p>&nbsp;<\/p>\n<p>&nbsp;<\/p>\n","protected":false},"excerpt":{"rendered":"<p>Helmschlo\u00df f\u00fcr z.B. Sturzb\u00fcgel, Rahmen f\u00fcr Harley <\/p>\n","protected":false},"featured_media":69680,"template":"","meta":[],"product_brand":[],"product_cat":[936,902,910,905,899],"product_tag":[58,65,78,83,69],"class_list":{"0":"post-69679","1":"product","2":"type-product","3":"status-publish","6":"product_cat-custom-teile-fuer-harley","7":"product_cat-h-d-dyna","8":"product_cat-h-d-softail","9":"product_cat-h-d-sportster","10":"product_cat-h-d-touring","11":"product_tag-dyna","12":"product_tag-harley","13":"product_tag-softail","14":"product_tag-sportster","15":"product_tag-touring","17":"first","18":"instock","19":"purchasable","20":"product-type-simple"},"jetpack_sharing_enabled":true,"_links":{"self":[{"href":"https:\/\/mc-genuineparts.de\/index.php?rest_route=\/wp\/v2\/product\/69679","targetHints":{"allow":["GET"]}}],"collection":[{"href":"https:\/\/mc-genuineparts.de\/index.php?rest_route=\/wp\/v2\/product"}],"about":[{"href":"https:\/\/mc-genuineparts.de\/index.php?rest_route=\/wp\/v2\/types\/product"}],"wp:featuredmedia":[{"embeddable":true,"href":"https:\/\/mc-genuineparts.de\/index.php?rest_route=\/wp\/v2\/media\/69680"}],"wp:attachment":[{"href":"https:\/\/mc-genuineparts.de\/index.php?rest_route=%2Fwp%2Fv2%2Fmedia&parent=69679"}],"wp:term":[{"taxonomy":"product_brand","embeddable":true,"href":"https:\/\/mc-genuineparts.de\/index.php?rest_route=%2Fwp%2Fv2%2Fproduct_brand&post=69679"},{"taxonomy":"product_cat","embeddable":true,"href":"https:\/\/mc-genuineparts.de\/index.php?rest_route=%2Fwp%2Fv2%2Fproduct_cat&post=69679"},{"taxonomy":"product_tag","embeddable":true,"href":"https:\/\/mc-genuineparts.de\/index.php?rest_route=%2Fwp%2Fv2%2Fproduct_tag&post=69679"}],"curies":[{"name":"wp","href":"https:\/\/api.w.org\/{rel}","templated":true}]}}