{"id":69688,"date":"2022-05-24T11:05:08","date_gmt":"2022-05-24T09:05:08","guid":{"rendered":"https:\/\/mc-genuineparts.de\/?post_type=product&#038;p=69688"},"modified":"2024-03-01T11:28:21","modified_gmt":"2024-03-01T10:28:21","slug":"harley-fussrasten-fuer-standardsturzbuegel","status":"publish","type":"product","link":"https:\/\/mc-genuineparts.de\/?product=harley-fussrasten-fuer-standardsturzbuegel","title":{"rendered":"Fu\u00dfrasten f\u00fcr Standardsturzb\u00fcgeln f\u00fcr Harley"},"content":{"rendered":"<p>Fu\u00dfrasten f\u00fcr Standardsturzb\u00fcgeln f\u00fcr Harley <\/p>\n<p>Diese H-D Fu\u00dfrasten sind passend an alle Standardsturzb\u00fcgel und haben ein<\/p>\n<p>Schelleninnendurchmesser von ca. 3 cm.<\/p>\n<p>Die Fu\u00dfrasten sind gebraucht mit Gebrauchsspuren.<\/p>\n<p>Siehe Fotos<\/p>\n","protected":false},"excerpt":{"rendered":"<p>Fu\u00dfrasten f\u00fcr Standardsturzb\u00fcgeln f\u00fcr Harley <\/p>\n","protected":false},"featured_media":69690,"template":"","meta":[],"product_brand":[],"product_cat":[970,902,910,905,899,4642],"product_tag":[58,217,65,123,78,83,69],"class_list":{"0":"post-69688","1":"product","2":"type-product","3":"status-publish","6":"product_cat-fussrasten-trittbretter","7":"product_cat-h-d-dyna","8":"product_cat-h-d-softail","9":"product_cat-h-d-sportster","10":"product_cat-h-d-touring","11":"product_cat-mc-genuineparts","12":"product_tag-dyna","13":"product_tag-fussrasten","14":"product_tag-harley","15":"product_tag-heritage","16":"product_tag-softail","17":"product_tag-sportster","18":"product_tag-touring","20":"first","21":"instock","22":"purchasable","23":"product-type-simple"},"jetpack_sharing_enabled":true,"_links":{"self":[{"href":"https:\/\/mc-genuineparts.de\/index.php?rest_route=\/wp\/v2\/product\/69688","targetHints":{"allow":["GET"]}}],"collection":[{"href":"https:\/\/mc-genuineparts.de\/index.php?rest_route=\/wp\/v2\/product"}],"about":[{"href":"https:\/\/mc-genuineparts.de\/index.php?rest_route=\/wp\/v2\/types\/product"}],"wp:featuredmedia":[{"embeddable":true,"href":"https:\/\/mc-genuineparts.de\/index.php?rest_route=\/wp\/v2\/media\/69690"}],"wp:attachment":[{"href":"https:\/\/mc-genuineparts.de\/index.php?rest_route=%2Fwp%2Fv2%2Fmedia&parent=69688"}],"wp:term":[{"taxonomy":"product_brand","embeddable":true,"href":"https:\/\/mc-genuineparts.de\/index.php?rest_route=%2Fwp%2Fv2%2Fproduct_brand&post=69688"},{"taxonomy":"product_cat","embeddable":true,"href":"https:\/\/mc-genuineparts.de\/index.php?rest_route=%2Fwp%2Fv2%2Fproduct_cat&post=69688"},{"taxonomy":"product_tag","embeddable":true,"href":"https:\/\/mc-genuineparts.de\/index.php?rest_route=%2Fwp%2Fv2%2Fproduct_tag&post=69688"}],"curies":[{"name":"wp","href":"https:\/\/api.w.org\/{rel}","templated":true}]}}