{"id":69967,"date":"2022-07-19T13:01:45","date_gmt":"2022-07-19T11:01:45","guid":{"rendered":"https:\/\/mc-genuineparts.de\/?post_type=product&#038;p=69967"},"modified":"2024-02-09T12:27:32","modified_gmt":"2024-02-09T11:27:32","slug":"harley-bugspoiler","status":"publish","type":"product","link":"https:\/\/mc-genuineparts.de\/?product=harley-bugspoiler","title":{"rendered":"Cover-Set mit K\u00fcryakyn Cover f\u00fcr Harley Softail"},"content":{"rendered":"<p>Cover-Set mit K\u00fcryakyn Cover f\u00fcr Harley Softail <\/p>\n<p>Dieses Set diverser Cover ist passend an alle Softail Modelle ab Baujahr 1986-2006 und<\/p>\n<p>wurde von einer 1997er Softail abgebaut. Die Cover sind gebraucht und haben stellenweise Lack Abplatzungen<\/p>\n<p>und Kratzer, siehe Fotos.<\/p>\n<p>Das Set beinhaltet:<\/p>\n<p>1x Bugspoiler \u20ac 55,-<\/p>\n<p>2x K\u00fcryakyn Rahmen Cover \u20ac 89,-<\/p>\n<p>2x K\u00fcryakyn Schwinge\/ Achsen Cover \u20ac 79,-<\/p>\n<p>1x Hupe Cover \u20ac 34,-<\/p>\n<p>1x Belt Cover \u20ac 49,-<\/p>\n<p>Der Gesamtpreis w\u00e4re \u20ac 306,-<\/p>\n<p><strong>Bei Kauf des kompletten Sets ist der einmalige Angebotspreis \u20ac 279,-\u00a0<\/strong><\/p>\n<p>Es k\u00f6nnen auch einzelne Teile bestellt werden, aber dann z\u00e4hlt der ausgeschriebene Betrag<\/p>\n<p>hinter den Artikeln.<\/p>\n","protected":false},"excerpt":{"rendered":"<p>Cover-Set mit K\u00fcryakyn Cover f\u00fcr Harley Softail <\/p>\n","protected":false},"featured_media":86448,"template":"","meta":[],"product_brand":[],"product_cat":[945,949,913],"product_tag":[266,122,65,5918,78],"class_list":{"0":"post-69967","1":"product","2":"type-product","3":"status-publish","6":"product_cat-softail-evo-1986-1999","7":"product_cat-rahmen-und-zubehoer-softail-twin-cam-2000-20006","8":"product_cat-softail-twin-cam-2000-2006","9":"product_tag-cover","10":"product_tag-fat-boy","11":"product_tag-harley","12":"product_tag-kueryakyn","13":"product_tag-softail","15":"first","16":"instock","17":"sale","18":"purchasable","19":"product-type-simple"},"jetpack_sharing_enabled":true,"_links":{"self":[{"href":"https:\/\/mc-genuineparts.de\/index.php?rest_route=\/wp\/v2\/product\/69967","targetHints":{"allow":["GET"]}}],"collection":[{"href":"https:\/\/mc-genuineparts.de\/index.php?rest_route=\/wp\/v2\/product"}],"about":[{"href":"https:\/\/mc-genuineparts.de\/index.php?rest_route=\/wp\/v2\/types\/product"}],"wp:featuredmedia":[{"embeddable":true,"href":"https:\/\/mc-genuineparts.de\/index.php?rest_route=\/wp\/v2\/media\/86448"}],"wp:attachment":[{"href":"https:\/\/mc-genuineparts.de\/index.php?rest_route=%2Fwp%2Fv2%2Fmedia&parent=69967"}],"wp:term":[{"taxonomy":"product_brand","embeddable":true,"href":"https:\/\/mc-genuineparts.de\/index.php?rest_route=%2Fwp%2Fv2%2Fproduct_brand&post=69967"},{"taxonomy":"product_cat","embeddable":true,"href":"https:\/\/mc-genuineparts.de\/index.php?rest_route=%2Fwp%2Fv2%2Fproduct_cat&post=69967"},{"taxonomy":"product_tag","embeddable":true,"href":"https:\/\/mc-genuineparts.de\/index.php?rest_route=%2Fwp%2Fv2%2Fproduct_tag&post=69967"}],"curies":[{"name":"wp","href":"https:\/\/api.w.org\/{rel}","templated":true}]}}