{"id":69991,"date":"2022-07-20T11:06:05","date_gmt":"2022-07-20T09:06:05","guid":{"rendered":"https:\/\/mc-genuineparts.de\/?post_type=product&#038;p=69991"},"modified":"2024-03-04T10:14:58","modified_gmt":"2024-03-04T09:14:58","slug":"harley-lederpacktaschen-dyna-softail-ueberwurftasche","status":"publish","type":"product","link":"https:\/\/mc-genuineparts.de\/?product=harley-lederpacktaschen-dyna-softail-ueberwurftasche","title":{"rendered":"Lederpacktaschen \/\u00dcberwurftaschen f\u00fcr Harley Dyna Softail"},"content":{"rendered":"<p>Lederpacktaschen \/\u00dcberwurftaschen f\u00fcr Harley Dyna Softail <\/p>\n<p>Diese Harley Lederpacktaschen (Kunstleder) sind individuell mit der Schn\u00fcrung verstellbar.<br \/>\nDie Taschen k\u00f6nnen einzeln durch einen Rei\u00dfverschlu\u00df gel\u00f6st werden und haben noch jeweils einen Tragegriff. Die Lederverschnallung kann einfach durch Schnell(Klick)-Verschl\u00fcsse ge\u00f6ffnet werden. An einer Tasche sind die Schnellverschl\u00fcsse der seitlichen Befestigung verloren gegangen, dieses wurde durch eine einfache Verschnallung behoben.<br \/>\nDie Taschen sind gebraucht, ( Siehe Fotos)<br \/>\nDie Taschen haben eine H\u00f6he von jeweils ca. 23 cm, eine L\u00e4nge von ca. 35cm und sind ca. 16 cm breit.<\/p>\n<p>Die Taschen werden \u00fcber den Fender gelegt und unter dem Sitz befestigt.<\/p>\n","protected":false},"excerpt":{"rendered":"<p>Lederpacktaschen \/\u00dcberwurftaschen f\u00fcr Harley Dyna Softail <\/p>\n","protected":false},"featured_media":69994,"template":"","meta":[],"product_brand":[],"product_cat":[958,902,910,905],"product_tag":[97,58,122,65,5623,78],"class_list":{"0":"post-69991","1":"product","2":"type-product","3":"status-publish","6":"product_cat-gepaeck-und-werkzeugrolle","7":"product_cat-h-d-dyna","8":"product_cat-h-d-softail","9":"product_cat-h-d-sportster","10":"product_tag-deuce","11":"product_tag-dyna","12":"product_tag-fat-boy","13":"product_tag-harley","14":"product_tag-lederpacktaschen","15":"product_tag-softail","17":"first","18":"instock","19":"purchasable","20":"product-type-simple"},"jetpack_sharing_enabled":true,"_links":{"self":[{"href":"https:\/\/mc-genuineparts.de\/index.php?rest_route=\/wp\/v2\/product\/69991","targetHints":{"allow":["GET"]}}],"collection":[{"href":"https:\/\/mc-genuineparts.de\/index.php?rest_route=\/wp\/v2\/product"}],"about":[{"href":"https:\/\/mc-genuineparts.de\/index.php?rest_route=\/wp\/v2\/types\/product"}],"wp:featuredmedia":[{"embeddable":true,"href":"https:\/\/mc-genuineparts.de\/index.php?rest_route=\/wp\/v2\/media\/69994"}],"wp:attachment":[{"href":"https:\/\/mc-genuineparts.de\/index.php?rest_route=%2Fwp%2Fv2%2Fmedia&parent=69991"}],"wp:term":[{"taxonomy":"product_brand","embeddable":true,"href":"https:\/\/mc-genuineparts.de\/index.php?rest_route=%2Fwp%2Fv2%2Fproduct_brand&post=69991"},{"taxonomy":"product_cat","embeddable":true,"href":"https:\/\/mc-genuineparts.de\/index.php?rest_route=%2Fwp%2Fv2%2Fproduct_cat&post=69991"},{"taxonomy":"product_tag","embeddable":true,"href":"https:\/\/mc-genuineparts.de\/index.php?rest_route=%2Fwp%2Fv2%2Fproduct_tag&post=69991"}],"curies":[{"name":"wp","href":"https:\/\/api.w.org\/{rel}","templated":true}]}}