{"id":70081,"date":"2022-07-21T10:45:27","date_gmt":"2022-07-21T08:45:27","guid":{"rendered":"https:\/\/mc-genuineparts.de\/?post_type=product&#038;p=70081"},"modified":"2024-02-08T09:51:28","modified_gmt":"2024-02-08T08:51:28","slug":"harley-fussrastenhalter-fuer-highwaypegs","status":"publish","type":"product","link":"https:\/\/mc-genuineparts.de\/?product=harley-fussrastenhalter-fuer-highwaypegs","title":{"rendered":"Fu\u00dfrastenhalter f\u00fcr Highwaypegs f\u00fcr Harley"},"content":{"rendered":"<p>Fu\u00dfrastenhalter f\u00fcr Highwaypegs f\u00fcr Harley <\/p>\n<p>Dieser Fu\u00dfrastenhalter f\u00fcr Highwaypegs ist f\u00fcr die Rahmenbefestigung vorgesehen und<\/p>\n<p>ist passend an alle Softail Modelle ab Baujahr 1984 &#8211; 2017.<\/p>\n<p>Der Halter ist in einem guten Zustand, siehe Fotos.<\/p>\n","protected":false},"excerpt":{"rendered":"<p>Fu\u00dfrastenhalter f\u00fcr Highwaypegs f\u00fcr Harley <\/p>\n","protected":false},"featured_media":70082,"template":"","meta":[],"product_brand":[],"product_cat":[945,946,913,911],"product_tag":[122,217,65,123,78],"class_list":{"0":"post-70081","1":"product","2":"type-product","3":"status-publish","6":"product_cat-softail-evo-1986-1999","7":"product_cat-rahmen-und-zubehoer-softail-evo-1986-1999","8":"product_cat-softail-twin-cam-2000-2006","9":"product_cat-softail-twin-cam-2007-2017","10":"product_tag-fat-boy","11":"product_tag-fussrasten","12":"product_tag-harley","13":"product_tag-heritage","14":"product_tag-softail","16":"first","17":"instock","18":"purchasable","19":"product-type-simple"},"jetpack_sharing_enabled":true,"_links":{"self":[{"href":"https:\/\/mc-genuineparts.de\/index.php?rest_route=\/wp\/v2\/product\/70081","targetHints":{"allow":["GET"]}}],"collection":[{"href":"https:\/\/mc-genuineparts.de\/index.php?rest_route=\/wp\/v2\/product"}],"about":[{"href":"https:\/\/mc-genuineparts.de\/index.php?rest_route=\/wp\/v2\/types\/product"}],"wp:featuredmedia":[{"embeddable":true,"href":"https:\/\/mc-genuineparts.de\/index.php?rest_route=\/wp\/v2\/media\/70082"}],"wp:attachment":[{"href":"https:\/\/mc-genuineparts.de\/index.php?rest_route=%2Fwp%2Fv2%2Fmedia&parent=70081"}],"wp:term":[{"taxonomy":"product_brand","embeddable":true,"href":"https:\/\/mc-genuineparts.de\/index.php?rest_route=%2Fwp%2Fv2%2Fproduct_brand&post=70081"},{"taxonomy":"product_cat","embeddable":true,"href":"https:\/\/mc-genuineparts.de\/index.php?rest_route=%2Fwp%2Fv2%2Fproduct_cat&post=70081"},{"taxonomy":"product_tag","embeddable":true,"href":"https:\/\/mc-genuineparts.de\/index.php?rest_route=%2Fwp%2Fv2%2Fproduct_tag&post=70081"}],"curies":[{"name":"wp","href":"https:\/\/api.w.org\/{rel}","templated":true}]}}