{"id":70398,"date":"2022-08-22T12:39:50","date_gmt":"2022-08-22T10:39:50","guid":{"rendered":"https:\/\/mc-genuineparts.de\/?post_type=product&#038;p=70398"},"modified":"2024-03-01T10:38:54","modified_gmt":"2024-03-01T09:38:54","slug":"harley-rueckspiegel-in-kreuzoptik","status":"publish","type":"product","link":"https:\/\/mc-genuineparts.de\/?product=harley-rueckspiegel-in-kreuzoptik","title":{"rendered":"R\u00fcckspiegel in Kreuzoptik f\u00fcr Harley"},"content":{"rendered":"<p>R\u00fcckspiegel in Kreuzoptik f\u00fcr Harley <\/p>\n<p>Diese Harley R\u00fcckspiegel haben ein Gewindedurchmesser von ca. 0,8 cm,<\/p>\n<p>eine Gewindel\u00e4nge von ca. 2,4 cm und die L\u00e4nge zur Befestigung betr\u00e4gt<\/p>\n<p>insgesamt ca. 4 cm.<\/p>\n<p>Die Spiegel sind gebraucht mit Gebrauchsspuren, das Spiegelglas hat keine<\/p>\n<p>Besch\u00e4digungen.<\/p>\n<p>Siehe Fotos.<\/p>\n","protected":false},"excerpt":{"rendered":"<p>R\u00fcckspiegel in Kreuzoptik f\u00fcr Harley <\/p>\n","protected":false},"featured_media":70399,"template":"","meta":[],"product_brand":[],"product_cat":[902,936,910,905,899,927,4642],"product_tag":[58,65,78,83,69],"class_list":{"0":"post-70398","1":"product","2":"type-product","3":"status-publish","6":"product_cat-h-d-dyna","7":"product_cat-custom-teile-fuer-harley","8":"product_cat-h-d-softail","9":"product_cat-h-d-sportster","10":"product_cat-h-d-touring","11":"product_cat-lenker-und-zubehoer","12":"product_cat-mc-genuineparts","13":"product_tag-dyna","14":"product_tag-harley","15":"product_tag-softail","16":"product_tag-sportster","17":"product_tag-touring","19":"first","20":"instock","21":"purchasable","22":"product-type-simple"},"jetpack_sharing_enabled":true,"_links":{"self":[{"href":"https:\/\/mc-genuineparts.de\/index.php?rest_route=\/wp\/v2\/product\/70398","targetHints":{"allow":["GET"]}}],"collection":[{"href":"https:\/\/mc-genuineparts.de\/index.php?rest_route=\/wp\/v2\/product"}],"about":[{"href":"https:\/\/mc-genuineparts.de\/index.php?rest_route=\/wp\/v2\/types\/product"}],"wp:featuredmedia":[{"embeddable":true,"href":"https:\/\/mc-genuineparts.de\/index.php?rest_route=\/wp\/v2\/media\/70399"}],"wp:attachment":[{"href":"https:\/\/mc-genuineparts.de\/index.php?rest_route=%2Fwp%2Fv2%2Fmedia&parent=70398"}],"wp:term":[{"taxonomy":"product_brand","embeddable":true,"href":"https:\/\/mc-genuineparts.de\/index.php?rest_route=%2Fwp%2Fv2%2Fproduct_brand&post=70398"},{"taxonomy":"product_cat","embeddable":true,"href":"https:\/\/mc-genuineparts.de\/index.php?rest_route=%2Fwp%2Fv2%2Fproduct_cat&post=70398"},{"taxonomy":"product_tag","embeddable":true,"href":"https:\/\/mc-genuineparts.de\/index.php?rest_route=%2Fwp%2Fv2%2Fproduct_tag&post=70398"}],"curies":[{"name":"wp","href":"https:\/\/api.w.org\/{rel}","templated":true}]}}