{"id":70446,"date":"2022-08-23T12:10:55","date_gmt":"2022-08-23T10:10:55","guid":{"rendered":"https:\/\/mc-genuineparts.de\/?post_type=product&#038;p=70446"},"modified":"2024-03-04T12:30:19","modified_gmt":"2024-03-04T11:30:19","slug":"harley-seitlicher-kennzeichenhalter-universal-inkl-ruecklicht","status":"publish","type":"product","link":"https:\/\/mc-genuineparts.de\/?product=harley-seitlicher-kennzeichenhalter-universal-inkl-ruecklicht","title":{"rendered":"Seitlicher Kennzeichenhalter Universal inkl. R\u00fccklicht f\u00fcr Harley"},"content":{"rendered":"<p>Seitlicher Kennzeichenhalter Universal inkl. R\u00fccklicht f\u00fcr Harley<\/p>\n<p>Dieser Kennzeichenhalter ist gebraucht und universell einsetzbar.<\/p>\n<p>Er hat Gebrauchsspuren in Form von leichten Kratzern und<\/p>\n<p>der Chrom f\u00e4ngt an manchen Stellen an Blasen zu entwickeln.<\/p>\n<p>Zustand und Ma\u00dfe siehe Fotos.<\/p>\n<p>&nbsp;<\/p>\n","protected":false},"excerpt":{"rendered":"<p>Seitlicher Kennzeichenhalter Universal inkl. R\u00fccklicht f\u00fcr Harley<\/p>\n","protected":false},"featured_media":70447,"template":"","meta":[],"product_brand":[],"product_cat":[4642,936,902,910,905,899],"product_tag":[122,65,123,5834,78],"class_list":{"0":"post-70446","1":"product","2":"type-product","3":"status-publish","6":"product_cat-mc-genuineparts","7":"product_cat-custom-teile-fuer-harley","8":"product_cat-h-d-dyna","9":"product_cat-h-d-softail","10":"product_cat-h-d-sportster","11":"product_cat-h-d-touring","12":"product_tag-fat-boy","13":"product_tag-harley","14":"product_tag-heritage","15":"product_tag-seitlicher-kennzeichenhalter","16":"product_tag-softail","18":"first","19":"instock","20":"purchasable","21":"product-type-simple"},"jetpack_sharing_enabled":true,"_links":{"self":[{"href":"https:\/\/mc-genuineparts.de\/index.php?rest_route=\/wp\/v2\/product\/70446","targetHints":{"allow":["GET"]}}],"collection":[{"href":"https:\/\/mc-genuineparts.de\/index.php?rest_route=\/wp\/v2\/product"}],"about":[{"href":"https:\/\/mc-genuineparts.de\/index.php?rest_route=\/wp\/v2\/types\/product"}],"wp:featuredmedia":[{"embeddable":true,"href":"https:\/\/mc-genuineparts.de\/index.php?rest_route=\/wp\/v2\/media\/70447"}],"wp:attachment":[{"href":"https:\/\/mc-genuineparts.de\/index.php?rest_route=%2Fwp%2Fv2%2Fmedia&parent=70446"}],"wp:term":[{"taxonomy":"product_brand","embeddable":true,"href":"https:\/\/mc-genuineparts.de\/index.php?rest_route=%2Fwp%2Fv2%2Fproduct_brand&post=70446"},{"taxonomy":"product_cat","embeddable":true,"href":"https:\/\/mc-genuineparts.de\/index.php?rest_route=%2Fwp%2Fv2%2Fproduct_cat&post=70446"},{"taxonomy":"product_tag","embeddable":true,"href":"https:\/\/mc-genuineparts.de\/index.php?rest_route=%2Fwp%2Fv2%2Fproduct_tag&post=70446"}],"curies":[{"name":"wp","href":"https:\/\/api.w.org\/{rel}","templated":true}]}}