{"id":76235,"date":"2022-09-12T12:50:12","date_gmt":"2022-09-12T10:50:12","guid":{"rendered":"https:\/\/mc-genuineparts.de\/?post_type=product&#038;p=76235"},"modified":"2024-02-08T11:43:40","modified_gmt":"2024-02-08T10:43:40","slug":"harley-softail-auspuffendstuecke","status":"publish","type":"product","link":"https:\/\/mc-genuineparts.de\/?product=harley-softail-auspuffendstuecke","title":{"rendered":"Auspuffendst\u00fccke f\u00fcr Harley Softail"},"content":{"rendered":"<p>Auspuffendst\u00fccke f\u00fcr Harley Softail <\/p>\n<p>Diese Endrohre sind von einer FLSTC Softail Heritage Classic Baujahr 2002 abgebaut worden.<\/p>\n<p>Sie passen an alle Softail Modelle ab Baujahr 2000 &#8211; 2017.<\/p>\n<p>Die Auspuffendst\u00fccke sind gebraucht und haben Gebrauchsspuren in Form von Kratzern und rostigen Stellen.<\/p>\n<p>Zustand siehe Fotos.<\/p>\n","protected":false},"excerpt":{"rendered":"<p>Auspuffendst\u00fccke f\u00fcr Harley Softail <\/p>\n","protected":false},"featured_media":76260,"template":"","meta":[],"product_brand":[],"product_cat":[910,972,913,911],"product_tag":[119,113,65,123,78,242],"class_list":{"0":"post-76235","1":"product","2":"type-product","3":"status-publish","6":"product_cat-h-d-softail","7":"product_cat-auspuff-softail-twin-cam-2000-20006","8":"product_cat-softail-twin-cam-2000-2006","9":"product_cat-softail-twin-cam-2007-2017","10":"product_tag-auspuff","11":"product_tag-auspuffendtopf","12":"product_tag-harley","13":"product_tag-heritage","14":"product_tag-softail","15":"product_tag-twin-cam","17":"first","18":"instock","19":"purchasable","20":"product-type-simple"},"jetpack_sharing_enabled":true,"_links":{"self":[{"href":"https:\/\/mc-genuineparts.de\/index.php?rest_route=\/wp\/v2\/product\/76235","targetHints":{"allow":["GET"]}}],"collection":[{"href":"https:\/\/mc-genuineparts.de\/index.php?rest_route=\/wp\/v2\/product"}],"about":[{"href":"https:\/\/mc-genuineparts.de\/index.php?rest_route=\/wp\/v2\/types\/product"}],"wp:featuredmedia":[{"embeddable":true,"href":"https:\/\/mc-genuineparts.de\/index.php?rest_route=\/wp\/v2\/media\/76260"}],"wp:attachment":[{"href":"https:\/\/mc-genuineparts.de\/index.php?rest_route=%2Fwp%2Fv2%2Fmedia&parent=76235"}],"wp:term":[{"taxonomy":"product_brand","embeddable":true,"href":"https:\/\/mc-genuineparts.de\/index.php?rest_route=%2Fwp%2Fv2%2Fproduct_brand&post=76235"},{"taxonomy":"product_cat","embeddable":true,"href":"https:\/\/mc-genuineparts.de\/index.php?rest_route=%2Fwp%2Fv2%2Fproduct_cat&post=76235"},{"taxonomy":"product_tag","embeddable":true,"href":"https:\/\/mc-genuineparts.de\/index.php?rest_route=%2Fwp%2Fv2%2Fproduct_tag&post=76235"}],"curies":[{"name":"wp","href":"https:\/\/api.w.org\/{rel}","templated":true}]}}