{"id":76297,"date":"2022-09-13T10:13:06","date_gmt":"2022-09-13T08:13:06","guid":{"rendered":"https:\/\/mc-genuineparts.de\/?post_type=product&#038;p=76297"},"modified":"2024-03-01T11:33:16","modified_gmt":"2024-03-01T10:33:16","slug":"harley-fussrasten-fuer-sturzbuegel-2","status":"publish","type":"product","link":"https:\/\/mc-genuineparts.de\/?product=harley-fussrasten-fuer-sturzbuegel-2","title":{"rendered":"Fu\u00dfrasten f\u00fcr Harley Sturzb\u00fcgel"},"content":{"rendered":"<p>Fu\u00dfrasten f\u00fcr Harley Sturzb\u00fcgel <\/p>\n<p>Diese Original H-D Fu\u00dfrasten sind passend an alle Standardsturzb\u00fcgel und haben ein<\/p>\n<p>Schelleninnendurchmesser von ca. 3 cm.<\/p>\n<p>Die Fu\u00dfrasten sind gebraucht mit Gebrauchsspuren.<\/p>\n<p>Sie haben Kratzer und stellenweise Korrosionen.<\/p>\n<p>Zustand siehe Fotos<\/p>\n","protected":false},"excerpt":{"rendered":"<p>Fu\u00dfrasten f\u00fcr Harley Sturzb\u00fcgel <\/p>\n","protected":false},"featured_media":76314,"template":"","meta":[],"product_brand":[],"product_cat":[4642,970,902,910,905,899],"product_tag":[58,122,217,66,78,83,69],"class_list":{"0":"post-76297","1":"product","2":"type-product","3":"status-publish","6":"product_cat-mc-genuineparts","7":"product_cat-fussrasten-trittbretter","8":"product_cat-h-d-dyna","9":"product_cat-h-d-softail","10":"product_cat-h-d-sportster","11":"product_cat-h-d-touring","12":"product_tag-dyna","13":"product_tag-fat-boy","14":"product_tag-fussrasten","15":"product_tag-original-h-d","16":"product_tag-softail","17":"product_tag-sportster","18":"product_tag-touring","20":"first","21":"instock","22":"purchasable","23":"product-type-simple"},"jetpack_sharing_enabled":true,"_links":{"self":[{"href":"https:\/\/mc-genuineparts.de\/index.php?rest_route=\/wp\/v2\/product\/76297","targetHints":{"allow":["GET"]}}],"collection":[{"href":"https:\/\/mc-genuineparts.de\/index.php?rest_route=\/wp\/v2\/product"}],"about":[{"href":"https:\/\/mc-genuineparts.de\/index.php?rest_route=\/wp\/v2\/types\/product"}],"wp:featuredmedia":[{"embeddable":true,"href":"https:\/\/mc-genuineparts.de\/index.php?rest_route=\/wp\/v2\/media\/76314"}],"wp:attachment":[{"href":"https:\/\/mc-genuineparts.de\/index.php?rest_route=%2Fwp%2Fv2%2Fmedia&parent=76297"}],"wp:term":[{"taxonomy":"product_brand","embeddable":true,"href":"https:\/\/mc-genuineparts.de\/index.php?rest_route=%2Fwp%2Fv2%2Fproduct_brand&post=76297"},{"taxonomy":"product_cat","embeddable":true,"href":"https:\/\/mc-genuineparts.de\/index.php?rest_route=%2Fwp%2Fv2%2Fproduct_cat&post=76297"},{"taxonomy":"product_tag","embeddable":true,"href":"https:\/\/mc-genuineparts.de\/index.php?rest_route=%2Fwp%2Fv2%2Fproduct_tag&post=76297"}],"curies":[{"name":"wp","href":"https:\/\/api.w.org\/{rel}","templated":true}]}}