{"id":76346,"date":"2022-09-13T10:48:04","date_gmt":"2022-09-13T08:48:04","guid":{"rendered":"https:\/\/mc-genuineparts.de\/?post_type=product&#038;p=76346"},"modified":"2024-03-01T11:56:11","modified_gmt":"2024-03-01T10:56:11","slug":"harley-fussrasten-fuer-sturzbuegel-5","status":"publish","type":"product","link":"https:\/\/mc-genuineparts.de\/?product=harley-fussrasten-fuer-sturzbuegel-5","title":{"rendered":"Fu\u00dfrasten f\u00fcr Harley Sturzb\u00fcgel"},"content":{"rendered":"<p>Fu\u00dfrasten f\u00fcr Harley Sturzb\u00fcgel<\/p>\n<p>Diese Original H-D Fu\u00dfrasten sind passend an alle Standardsturzb\u00fcgel und haben ein<\/p>\n<p>Schelleninnendurchmesser von ca. 3 cm.<\/p>\n<p>Die Fu\u00dfrasten sind gebraucht mit Gebrauchsspuren.<\/p>\n<p>Sie haben Kratzer und Korrosionen.<\/p>\n<p>Zustand siehe Fotos<\/p>\n","protected":false},"excerpt":{"rendered":"<p>Fu\u00dfrasten f\u00fcr Harley Sturzb\u00fcgel<\/p>\n","protected":false},"featured_media":76347,"template":"","meta":[],"product_brand":[],"product_cat":[4642,970,902,910,905,899],"product_tag":[58,217,66,78,83,69],"class_list":{"0":"post-76346","1":"product","2":"type-product","3":"status-publish","6":"product_cat-mc-genuineparts","7":"product_cat-fussrasten-trittbretter","8":"product_cat-h-d-dyna","9":"product_cat-h-d-softail","10":"product_cat-h-d-sportster","11":"product_cat-h-d-touring","12":"product_tag-dyna","13":"product_tag-fussrasten","14":"product_tag-original-h-d","15":"product_tag-softail","16":"product_tag-sportster","17":"product_tag-touring","19":"first","20":"instock","21":"purchasable","22":"product-type-simple"},"jetpack_sharing_enabled":true,"_links":{"self":[{"href":"https:\/\/mc-genuineparts.de\/index.php?rest_route=\/wp\/v2\/product\/76346","targetHints":{"allow":["GET"]}}],"collection":[{"href":"https:\/\/mc-genuineparts.de\/index.php?rest_route=\/wp\/v2\/product"}],"about":[{"href":"https:\/\/mc-genuineparts.de\/index.php?rest_route=\/wp\/v2\/types\/product"}],"wp:featuredmedia":[{"embeddable":true,"href":"https:\/\/mc-genuineparts.de\/index.php?rest_route=\/wp\/v2\/media\/76347"}],"wp:attachment":[{"href":"https:\/\/mc-genuineparts.de\/index.php?rest_route=%2Fwp%2Fv2%2Fmedia&parent=76346"}],"wp:term":[{"taxonomy":"product_brand","embeddable":true,"href":"https:\/\/mc-genuineparts.de\/index.php?rest_route=%2Fwp%2Fv2%2Fproduct_brand&post=76346"},{"taxonomy":"product_cat","embeddable":true,"href":"https:\/\/mc-genuineparts.de\/index.php?rest_route=%2Fwp%2Fv2%2Fproduct_cat&post=76346"},{"taxonomy":"product_tag","embeddable":true,"href":"https:\/\/mc-genuineparts.de\/index.php?rest_route=%2Fwp%2Fv2%2Fproduct_tag&post=76346"}],"curies":[{"name":"wp","href":"https:\/\/api.w.org\/{rel}","templated":true}]}}