{"id":76359,"date":"2022-09-13T12:09:10","date_gmt":"2022-09-13T10:09:10","guid":{"rendered":"https:\/\/mc-genuineparts.de\/?post_type=product&#038;p=76359"},"modified":"2022-09-13T12:09:11","modified_gmt":"2022-09-13T10:09:11","slug":"harley-kennzeichenhalter-inkl-ruecklicht-und-beleuchtung","status":"publish","type":"product","link":"https:\/\/mc-genuineparts.de\/?product=harley-kennzeichenhalter-inkl-ruecklicht-und-beleuchtung","title":{"rendered":"Harley Kennzeichenhalter inkl. R\u00fccklicht und Beleuchtung"},"content":{"rendered":"<p>Harley Kennzeichenhalter inkl. R\u00fccklicht und Beleuchtung<\/p>\n<p>Dieser Kennzeichenhalter hat eine L\u00e4nge von ca. 18,3 cm, eine Breite von ca. 12,5 cm<\/p>\n<p>und eine H\u00f6he von ca. 2,5 cm. Die Schraubl\u00f6cher sind in der L\u00e4nge ca. 14,8 cm und in<\/p>\n<p>der H\u00f6he ca. 7 cm auseinander.<\/p>\n<p>Der Halter ist gebraucht und hat Gebrauchsspuren, leichte Kratzer sind vorhanden.<\/p>\n<p>Zustand siehe Fotos.<\/p>\n","protected":false},"excerpt":{"rendered":"<p>Harley Kennzeichenhalter inkl. R\u00fccklicht und Beleuchtung<\/p>\n","protected":false},"featured_media":76360,"template":"","meta":[],"product_brand":[],"product_cat":[4642,902,910,905,899],"product_tag":[58,65,154,78,83,69],"class_list":{"0":"post-76359","1":"product","2":"type-product","3":"status-publish","6":"product_cat-mc-genuineparts","7":"product_cat-h-d-dyna","8":"product_cat-h-d-softail","9":"product_cat-h-d-sportster","10":"product_cat-h-d-touring","11":"product_tag-dyna","12":"product_tag-harley","13":"product_tag-heck","14":"product_tag-softail","15":"product_tag-sportster","16":"product_tag-touring","18":"first","19":"instock","20":"purchasable","21":"product-type-simple"},"jetpack_sharing_enabled":true,"_links":{"self":[{"href":"https:\/\/mc-genuineparts.de\/index.php?rest_route=\/wp\/v2\/product\/76359","targetHints":{"allow":["GET"]}}],"collection":[{"href":"https:\/\/mc-genuineparts.de\/index.php?rest_route=\/wp\/v2\/product"}],"about":[{"href":"https:\/\/mc-genuineparts.de\/index.php?rest_route=\/wp\/v2\/types\/product"}],"wp:featuredmedia":[{"embeddable":true,"href":"https:\/\/mc-genuineparts.de\/index.php?rest_route=\/wp\/v2\/media\/76360"}],"wp:attachment":[{"href":"https:\/\/mc-genuineparts.de\/index.php?rest_route=%2Fwp%2Fv2%2Fmedia&parent=76359"}],"wp:term":[{"taxonomy":"product_brand","embeddable":true,"href":"https:\/\/mc-genuineparts.de\/index.php?rest_route=%2Fwp%2Fv2%2Fproduct_brand&post=76359"},{"taxonomy":"product_cat","embeddable":true,"href":"https:\/\/mc-genuineparts.de\/index.php?rest_route=%2Fwp%2Fv2%2Fproduct_cat&post=76359"},{"taxonomy":"product_tag","embeddable":true,"href":"https:\/\/mc-genuineparts.de\/index.php?rest_route=%2Fwp%2Fv2%2Fproduct_tag&post=76359"}],"curies":[{"name":"wp","href":"https:\/\/api.w.org\/{rel}","templated":true}]}}