{"id":86719,"date":"2022-10-26T12:54:37","date_gmt":"2022-10-26T10:54:37","guid":{"rendered":"https:\/\/mc-genuineparts.de\/?post_type=product&#038;p=86719"},"modified":"2024-06-12T10:41:30","modified_gmt":"2024-06-12T08:41:30","slug":"harley-halterungen-fuer-sturzbuegelfussrasten","status":"publish","type":"product","link":"https:\/\/mc-genuineparts.de\/?product=harley-halterungen-fuer-sturzbuegelfussrasten","title":{"rendered":"Halterungen f\u00fcr Harley Sturzb\u00fcgelfu\u00dfrasten"},"content":{"rendered":"<p>Halterungen f\u00fcr Harley Sturzb\u00fcgelfu\u00dfrasten<\/p>\n<p>Diese Halterungen haben ein Schelleninnenma\u00df von ca. 3,2 cm<\/p>\n<p>und sind gebraucht mit Gebrauchsspuren.<\/p>\n<p>Zustand siehe Fotos.<\/p>\n<p>Neupreis ca. \u20ac 87,-<\/p>\n<p>&nbsp;<\/p>\n","protected":false},"excerpt":{"rendered":"<p>Halterungen f\u00fcr Harley Sturzb\u00fcgelfu\u00dfrasten<\/p>\n","protected":false},"featured_media":86724,"template":"","meta":[],"product_brand":[],"product_cat":[970],"product_tag":[58,122,217,65,123,83,69],"class_list":{"0":"post-86719","1":"product","2":"type-product","3":"status-publish","6":"product_cat-fussrasten-trittbretter","7":"product_tag-dyna","8":"product_tag-fat-boy","9":"product_tag-fussrasten","10":"product_tag-harley","11":"product_tag-heritage","12":"product_tag-sportster","13":"product_tag-touring","15":"first","16":"instock","17":"purchasable","18":"product-type-simple"},"jetpack_sharing_enabled":true,"_links":{"self":[{"href":"https:\/\/mc-genuineparts.de\/index.php?rest_route=\/wp\/v2\/product\/86719","targetHints":{"allow":["GET"]}}],"collection":[{"href":"https:\/\/mc-genuineparts.de\/index.php?rest_route=\/wp\/v2\/product"}],"about":[{"href":"https:\/\/mc-genuineparts.de\/index.php?rest_route=\/wp\/v2\/types\/product"}],"wp:featuredmedia":[{"embeddable":true,"href":"https:\/\/mc-genuineparts.de\/index.php?rest_route=\/wp\/v2\/media\/86724"}],"wp:attachment":[{"href":"https:\/\/mc-genuineparts.de\/index.php?rest_route=%2Fwp%2Fv2%2Fmedia&parent=86719"}],"wp:term":[{"taxonomy":"product_brand","embeddable":true,"href":"https:\/\/mc-genuineparts.de\/index.php?rest_route=%2Fwp%2Fv2%2Fproduct_brand&post=86719"},{"taxonomy":"product_cat","embeddable":true,"href":"https:\/\/mc-genuineparts.de\/index.php?rest_route=%2Fwp%2Fv2%2Fproduct_cat&post=86719"},{"taxonomy":"product_tag","embeddable":true,"href":"https:\/\/mc-genuineparts.de\/index.php?rest_route=%2Fwp%2Fv2%2Fproduct_tag&post=86719"}],"curies":[{"name":"wp","href":"https:\/\/api.w.org\/{rel}","templated":true}]}}